{"id":4423,"date":"2015-04-06T20:52:44","date_gmt":"2015-04-06T18:52:44","guid":{"rendered":"http:\/\/www.conset.biz\/?page_id=4423"},"modified":"2016-02-10T19:02:28","modified_gmt":"2016-02-10T18:02:28","slug":"workshop","status":"publish","type":"page","link":"https:\/\/www.kunzebauma.de\/?page_id=4423","title":{"rendered":"Werkstatt"},"content":{"rendered":"<h2><strong>Wartung und Reparaturen<br \/>\n<\/strong><\/h2>\n<p>Unsere St\u00e4rke zeigt sich genau dann, wenn eine Reparatur ansteht, Sie qualifiziertes Bedienpersonal ben\u00f6tigen oder eine Herausforderung f\u00fcr die Logistik zu meistern haben.<\/p>\n<p>Egal ob Sie eine Baumaschine gekauft oder eines unserer Angebote zur Vermietung genutzt haben. Wenden Sie sich an uns f\u00fcr die allgemeine Beratung zu Baumaschinen von JCB wie: Teleskopen, Radlader, Ketten- und Mobilbagger, Walzenz\u00fcge, Stampfer oder R\u00fcttelplatten.<\/p>\n<p>Egal ob Sie eine Baumaschine gekauft oder eines unserer Angebote zur Vermietung genutzt haben. Wenden Sie sich an uns f\u00fcr die allgemeine Beratung zu Baumaschinen von JCB wie: Teleskopen, Radlader, Ketten- und Mobilbagger, Walzenz\u00fcge, Stampfer oder R\u00fcttelplatten.<\/p>\n<p><strong>Reparatur-Service und Ersatzteile direkt vor Ort<\/strong><\/p>\n<p>Wenn Ihre Baumaschine eine Reparatur oder ein Ersatzteil ben\u00f6tigt, sind unsere Servicekr\u00e4fte schnell f\u00fcr Sie da. Ersatzteile f\u00fcr Ihr Baumaschine liefern wir Ihnen kurzfristig auch direkt auf die Baustelle und f\u00fchren die Reparatur direkt vor Ort durch. Auch eine spezielle Reparatur Ihrer Baumaschine organisieren wir Ihnen schnell.<\/p>\n<p>Unsere geschulten und akkreditierten Servicetechniker\u00a0 bieten Ihnen die Erfahrung und die F\u00e4higkeiten, die zur Maximierung der Leistung Ihrer Maschinen erforderlich sind.<\/p>\n<p>Unsere Serviceprofis werden im Werk ausgebildet, um sicherzustellen, dass sie sowohl f\u00fcr pr\u00e4zise, komplexe Servicearbeiten als auch f\u00fcr normale Routinewartungen die erforderlichen F\u00e4higkeiten haben. Egal ob Sie Service f\u00fcr Ihre Maschine oder Hilfestellung von einem Experten ben\u00f6tigen: Wir haben das Know-How, Ihre Anforderungen zu erf\u00fcllen und Ihre Erwartungen zu \u00fcbertreffen.<\/p>\n<p>Ein vorbeugendes Wartungsprogramm, das ganz auf Ihre Bed\u00fcrfnisse abgestimmt werden kann<\/p>\n<p>Ihre Maschinen sind eine Investition, die gesch\u00fctzt werden muss.<\/p>\n<p>Durch unser Wartungsprogramm erreichen Sie<\/p>\n<ul>\n<li>Verl\u00e4ngerte Lebensdauer der Maschine und ihrer Komponenten<\/li>\n<li>Optimierung der Fl\u00fcssigkeitswechselintervalle<\/li>\n<li>H\u00f6here Verf\u00fcgbarkeit w\u00e4hrend kritischer Arbeitsperioden<\/li>\n<li>Verh\u00fctung von Maschinenausf\u00e4llen<\/li>\n<li>Erh\u00f6hter Wiederverkaufswert<\/li>\n<\/ul>\n<p><a href=\"https:\/\/www.kunzebauma.de\/wp-content\/uploads\/2015\/02\/jcb-service.jpg\" rel=\"attachment wp-att-9929\"><img loading=\"lazy\" class=\"alignnone size-full wp-image-9929\" src=\"https:\/\/www.kunzebauma.de\/wp-content\/uploads\/2015\/02\/jcb-service.jpg\" alt=\"jcb-service\" width=\"1024\" height=\"768\" \/><\/a><\/p>\n","protected":false},"excerpt":{"rendered":"<p>Wartung und Reparaturen Unsere St\u00e4rke zeigt sich genau dann, wenn eine Reparatur ansteht, Sie qualifiziertes Bedienpersonal ben\u00f6tigen oder eine Herausforderung f\u00fcr die Logistik zu meistern haben. Egal ob Sie eine Baumaschine gekauft oder eines unserer Angebote zur Vermietung genutzt haben. Wenden Sie sich an uns f\u00fcr die allgemeine Beratung zu Baumaschinen von JCB wie: Teleskopen,&#8230; <\/p>\n<div class=\"clear\"><\/div>\n<p><a href=\"https:\/\/www.kunzebauma.de\/?page_id=4423\" class=\"excerpt-read-more\">Learn More<i class=\"fa fa-angle-double-right icon-double-angle-right\"><\/i><\/a><\/p>\n","protected":false},"author":2,"featured_media":0,"parent":0,"menu_order":0,"comment_status":"closed","ping_status":"open","template":"","meta":[],"_links":{"self":[{"href":"https:\/\/www.kunzebauma.de\/index.php?rest_route=\/wp\/v2\/pages\/4423"}],"collection":[{"href":"https:\/\/www.kunzebauma.de\/index.php?rest_route=\/wp\/v2\/pages"}],"about":[{"href":"https:\/\/www.kunzebauma.de\/index.php?rest_route=\/wp\/v2\/types\/page"}],"author":[{"embeddable":true,"href":"https:\/\/www.kunzebauma.de\/index.php?rest_route=\/wp\/v2\/users\/2"}],"replies":[{"embeddable":true,"href":"https:\/\/www.kunzebauma.de\/index.php?rest_route=%2Fwp%2Fv2%2Fcomments&post=4423"}],"version-history":[{"count":6,"href":"https:\/\/www.kunzebauma.de\/index.php?rest_route=\/wp\/v2\/pages\/4423\/revisions"}],"predecessor-version":[{"id":10561,"href":"https:\/\/www.kunzebauma.de\/index.php?rest_route=\/wp\/v2\/pages\/4423\/revisions\/10561"}],"wp:attachment":[{"href":"https:\/\/www.kunzebauma.de\/index.php?rest_route=%2Fwp%2Fv2%2Fmedia&parent=4423"}],"curies":[{"name":"wp","href":"https:\/\/api.w.org\/{rel}","templated":true}]}}