{"id":4445,"date":"2015-04-06T20:19:20","date_gmt":"2015-04-06T18:19:20","guid":{"rendered":"http:\/\/www.conset.biz\/?page_id=4445"},"modified":"2015-07-07T15:24:27","modified_gmt":"2015-07-07T13:24:27","slug":"earth-drills","status":"publish","type":"page","link":"https:\/\/www.kunzebauma.de\/?page_id=4445","title":{"rendered":"Erdbohrer"},"content":{"rendered":"<h3>Wir bieten Ihnen eine gro\u00dfe Palette von Hydraulischen Erdbohrger\u00e4ten f\u00fcr die unterschiedlichsten Maschinengr\u00f6\u00dfen an.<\/h3>\n<h3>Unsere Erdbohrer bestehen\u00a0 aus hochwertigen Materialien und werden mit den modernsten Techniken gefertigt.<\/h3>\n<h5>Wir sind spezialisiert auf Equipment f\u00fcr die Erdbohr-Technik .<\/h5>\n<h5>Egal ob es sich nur um Zaunbau- oder\u00a0 komplizierte Schraubanker-Installationen handelt, auf unsere Erdbohrer ist Verlass.<\/h5>\n<p style=\"text-align: center;\"><a class=\"gdlr-button medium with-border\" href=\"\/?page_id=8944\" target=\"__blank\"  style=\"color:#000000; background-color:#daa520f; border-color:#777777; \"  ><i class=\"gdlr-icon fa fa-plane\"  ><\/i> Angebot anfordern <\/a><\/p>\n<div class=\"th-row\">\n<div class=\"th-col\">\n<table class=\"style-1\">\n<tbody>\n<tr>\n<td>\n<p><div id=\"attachment_7808\" style=\"width: 162px\" class=\"wp-caption alignnone\"><a href=\"\/?page_id=7417\"><img aria-describedby=\"caption-attachment-7808\" loading=\"lazy\" class=\"wp-image-7808 size-full\" src=\"http:\/\/www.conset.biz\/wp-content\/uploads\/2015\/04\/th-earthdrill1.gif\" alt=\"th-earthdrill1\" width=\"152\" height=\"152\" \/><\/a><p id=\"caption-attachment-7808\" class=\"wp-caption-text\">Minibagger 0,75 &#8211; 3,0 T<\/p><\/div><\/td>\n<td>\n<p><div id=\"attachment_7823\" style=\"width: 162px\" class=\"wp-caption alignnone\"><a href=\"\/?page_id=7428\"><img aria-describedby=\"caption-attachment-7823\" loading=\"lazy\" class=\"wp-image-7823 size-full\" src=\"http:\/\/www.conset.biz\/wp-content\/uploads\/2015\/04\/th-earthdrill7.gif\" alt=\"th-earthdrill7\" width=\"152\" height=\"152\" \/><\/a><p id=\"caption-attachment-7823\" class=\"wp-caption-text\">Minibagger 2,0 &#8211; 5,0 T<\/p><\/div><\/td>\n<td>\n<p><div id=\"attachment_7811\" style=\"width: 162px\" class=\"wp-caption alignnone\"><a href=\"\/?page_id=7438\"><img aria-describedby=\"caption-attachment-7811\" loading=\"lazy\" class=\"wp-image-7811 size-full\" src=\"http:\/\/www.conset.biz\/wp-content\/uploads\/2015\/04\/th-earthdrill2.gif\" alt=\"th-earthdrill2\" width=\"152\" height=\"152\" \/><\/a><p id=\"caption-attachment-7811\" class=\"wp-caption-text\">Bagger 4,5 &#8211; 8 ,0 T<\/p><\/div><\/td>\n<td>\n<p><div id=\"attachment_7817\" style=\"width: 162px\" class=\"wp-caption alignnone\"><a href=\"\/?page_id=7448\"><img aria-describedby=\"caption-attachment-7817\" loading=\"lazy\" class=\"wp-image-7817 size-full\" src=\"http:\/\/www.conset.biz\/wp-content\/uploads\/2015\/04\/th-earthdrill4.gif\" alt=\"th-earthdrill4\" width=\"152\" height=\"152\" \/><\/a><p id=\"caption-attachment-7817\" class=\"wp-caption-text\">Bagger 8 &#8211; 15 T<\/p><\/div><\/td>\n<\/tr>\n<tr>\n<td>\n<p><div id=\"attachment_7829\" style=\"width: 162px\" class=\"wp-caption alignnone\"><a href=\"\/?page_id=7474\"><img aria-describedby=\"caption-attachment-7829\" loading=\"lazy\" class=\"wp-image-7829 size-full\" src=\"http:\/\/www.conset.biz\/wp-content\/uploads\/2015\/04\/th-earthdrill9.gif\" alt=\"th-earthdrill9\" width=\"152\" height=\"152\" \/><\/a><p id=\"caption-attachment-7829\" class=\"wp-caption-text\">Bagger 12 &#8211; 22 T<\/p><\/div><\/td>\n<td>\n<p><div id=\"attachment_7820\" style=\"width: 162px\" class=\"wp-caption alignnone\"><a href=\"\/?page_id=7485\"><img aria-describedby=\"caption-attachment-7820\" loading=\"lazy\" class=\"wp-image-7820 size-full\" src=\"http:\/\/www.conset.biz\/wp-content\/uploads\/2015\/04\/th-earthdrill6.gif\" alt=\"th-earthdrill6\" width=\"152\" height=\"152\" \/><\/a><p id=\"caption-attachment-7820\" class=\"wp-caption-text\">Bagger 17 &#8211; 45 T<\/p><\/div><\/td>\n<td>\n<p><div id=\"attachment_7832\" style=\"width: 162px\" class=\"wp-caption alignnone\"><a href=\"\/?page_id=7505\"><img aria-describedby=\"caption-attachment-7832\" loading=\"lazy\" class=\"wp-image-7832 size-full\" src=\"http:\/\/www.conset.biz\/wp-content\/uploads\/2015\/04\/th-earthdrill11.gif\" alt=\"th-earthdrill11\" width=\"152\" height=\"152\" \/><\/a><p id=\"caption-attachment-7832\" class=\"wp-caption-text\">Kompaktlader bis 80 PS<\/p><\/div><\/td>\n<td>\n<p><div id=\"attachment_7835\" style=\"width: 162px\" class=\"wp-caption alignnone\"><a href=\"\/?page_id=7494\"><img aria-describedby=\"caption-attachment-7835\" loading=\"lazy\" class=\"wp-image-7835 size-full\" src=\"http:\/\/www.conset.biz\/wp-content\/uploads\/2015\/04\/th-earthdrill12.gif\" alt=\"th-earthdrill12\" width=\"152\" height=\"152\" \/><\/a><p id=\"caption-attachment-7835\" class=\"wp-caption-text\">Kompaktlader HF &amp; Teleskoplader<\/p><\/div><\/td>\n<\/tr>\n<tr>\n<td>\n<p><div id=\"attachment_7814\" style=\"width: 162px\" class=\"wp-caption alignnone\"><a href=\"\/?page_id=7529\"><img aria-describedby=\"caption-attachment-7814\" loading=\"lazy\" class=\"wp-image-7814 size-full\" src=\"http:\/\/www.conset.biz\/wp-content\/uploads\/2015\/04\/th-earthdrill3.gif\" alt=\"th-earthdrill3\" width=\"152\" height=\"152\" \/><\/a><p id=\"caption-attachment-7814\" class=\"wp-caption-text\">Baggerlader<\/p><\/div><\/td>\n<td>\n<div class=\"th-col\">\n<div id=\"attachment_7826\" style=\"width: 162px\" class=\"wp-caption alignnone\"><a href=\"\/?page_id=7514\"><img aria-describedby=\"caption-attachment-7826\" loading=\"lazy\" class=\"wp-image-7826 size-full\" src=\"http:\/\/www.conset.biz\/wp-content\/uploads\/2015\/04\/th-earthdrill8.gif\" alt=\"th-earthdrill8\" width=\"152\" height=\"152\" \/><\/a><p id=\"caption-attachment-7826\" class=\"wp-caption-text\">LKW-Kr\u00e4ne<\/p><\/div>\n<\/div>\n<\/td>\n<td><\/td>\n<td><\/td>\n<\/tr>\n<\/tbody>\n<\/table>\n<\/div>\n<\/div>\n","protected":false},"excerpt":{"rendered":"<p>Wir bieten Ihnen eine gro\u00dfe Palette von Hydraulischen Erdbohrger\u00e4ten f\u00fcr die unterschiedlichsten Maschinengr\u00f6\u00dfen an. Unsere Erdbohrer bestehen\u00a0 aus hochwertigen Materialien und werden mit den modernsten Techniken gefertigt. Wir sind spezialisiert auf Equipment f\u00fcr die Erdbohr-Technik . Egal ob es sich nur um Zaunbau- oder\u00a0 komplizierte Schraubanker-Installationen handelt, auf unsere Erdbohrer ist Verlass.<\/p>\n","protected":false},"author":2,"featured_media":0,"parent":4226,"menu_order":0,"comment_status":"closed","ping_status":"open","template":"","meta":[],"_links":{"self":[{"href":"https:\/\/www.kunzebauma.de\/index.php?rest_route=\/wp\/v2\/pages\/4445"}],"collection":[{"href":"https:\/\/www.kunzebauma.de\/index.php?rest_route=\/wp\/v2\/pages"}],"about":[{"href":"https:\/\/www.kunzebauma.de\/index.php?rest_route=\/wp\/v2\/types\/page"}],"author":[{"embeddable":true,"href":"https:\/\/www.kunzebauma.de\/index.php?rest_route=\/wp\/v2\/users\/2"}],"replies":[{"embeddable":true,"href":"https:\/\/www.kunzebauma.de\/index.php?rest_route=%2Fwp%2Fv2%2Fcomments&post=4445"}],"version-history":[{"count":20,"href":"https:\/\/www.kunzebauma.de\/index.php?rest_route=\/wp\/v2\/pages\/4445\/revisions"}],"predecessor-version":[{"id":9060,"href":"https:\/\/www.kunzebauma.de\/index.php?rest_route=\/wp\/v2\/pages\/4445\/revisions\/9060"}],"up":[{"embeddable":true,"href":"https:\/\/www.kunzebauma.de\/index.php?rest_route=\/wp\/v2\/pages\/4226"}],"wp:attachment":[{"href":"https:\/\/www.kunzebauma.de\/index.php?rest_route=%2Fwp%2Fv2%2Fmedia&parent=4445"}],"curies":[{"name":"wp","href":"https:\/\/api.w.org\/{rel}","templated":true}]}}