{"id":5385,"date":"2015-06-12T15:44:21","date_gmt":"2015-06-12T13:44:21","guid":{"rendered":"http:\/\/www.conset.biz\/?page_id=5385"},"modified":"2018-05-30T12:29:11","modified_gmt":"2018-05-30T10:29:11","slug":"impressum-3","status":"publish","type":"page","link":"https:\/\/www.kunzebauma.de\/?page_id=5385","title":{"rendered":"Impressum"},"content":{"rendered":"<div class=\"row-fluid imprint\">\n<div class=\"span18 companyData\">\n<h1>Impressum<\/h1>\n<p>&nbsp;<\/p>\n<p><strong>Rechtliche Informationen und Hinweise<\/strong><\/p>\n<p>(Anbieterkennung gem\u00e4\u00df \u00a7 5 TMG und \u00a7 55 RStV)<\/p>\n<p>Viktor Kunze Baumaschinen<\/p>\n<p>In den Weiherwiesen 31<\/p>\n<p>63654 B\u00fcdingen<\/p>\n<p>&nbsp;<\/p>\n<p>Telefon: +49 6042 7914<\/p>\n<p>Fax: +49 6042 979294<\/p>\n<p>Email: kunzebaumaexport@t-online.de<\/p>\n<p>Internet: <u><a href=\"http:\/\/www.kunzebauma.com\">www.kunzebauma.de<\/a><\/u><\/p>\n<p>Umsatzsteuer-Identifikationsnr. nach \u00a7 27a Umsatzsteuergesetz: DE253235254<\/p>\n<p>Vertretungsberechtigt: Viktor Kunze<\/p>\n<p>Inhaltlich Verantwortlich: Viktor Kunze (Kontakt s.o.)<\/p>\n<p><strong>Geltungsbereich<\/strong><\/p>\n<p>Dieses Impressum gilt f\u00fcr die aufgerufene Domain (www.kunzebauma.de(com)) und deren Subdomains, die in Form www.subdomain.kunzebauma.de(com) oder subdomain.kunzebauma.de(com) verf\u00fcgbar sind.<\/p>\n<p><strong>Copyright<\/strong><\/p>\n<p>Design, Layout, Texte, Fotos, Animationen und sonstige Inhalte des Internetauftritts kunzebauma.com(de) sind urheberrechtlich gesch\u00fctzt. Vervielf\u00e4ltigungen und Kopien jeglicher Art, ob in Ausz\u00fcgen oder komplett, sind strengstens untersagt und bed\u00fcrfen der schriftlichen, ausdr\u00fccklichen Genehmigung der Firma Viktor Kunze<\/p>\n<p>Alle auf dieser Internetseite genannten und gezeigten Markennamen, Firmennamen oder Logos sind Warenzeichen der jeweiligen Unternehmen bzw. Rechte-Inhaber.<\/p>\n<p>&nbsp;<\/p>\n<p><strong>Haftungsbeschr\u00e4nkung<\/strong><\/p>\n<p>F\u00fcr Inhalte von auf diesem Internetauftritt verlinkten Internetseiten \u00fcbernimmt der inhaltlich Verantwortliche keine Haftung. Vor der Aufnahme von externen Links in den Inhalt wurden diese ordentlich nach bestem Wissen und Gewissen \u00fcberpr\u00fcft. Da der f\u00fcr diesen Internetauftritt Verantwortliche keinen Einfluss auf externe Inhalte hat, bittet er Sie zur Kontaktaufnahme, falls durch gezeigte Inhalte Ihre oder Rechte Dritter verletzt oder gesetzlich verbotene Inhalte gezeigt werden. Zur Kontaktaufnahme schreiben Sie bitte eine Email an <u><a href=\"mailto:kontakt@kunzebauma.com\">kunzebaumaexport@t-online.de<\/a><\/u> oder verwenden Sie die oben genannten Kontaktdaten.<\/p>\n<p>F\u00fcr direkte oder indirekte Sch\u00e4den, die durch die Nutzung der zur Verf\u00fcgung gestellten Dienste oder Informationen entstehen, \u00fcbernimmt der Herausgeber keine Haftung. Auch wenn die Inhalte einer sorgf\u00e4ltigen Kontrolle unterliegen, kann keine Garantie f\u00fcr ihre Korrektheit gegeben werden. \u00c4nderungen jeglicher Inhalte beh\u00e4lt sich der Herausgeber vor.<\/p>\n<p>&nbsp;<\/p>\n<\/div>\n<\/div>\n","protected":false},"excerpt":{"rendered":"<p>Impressum &nbsp; Rechtliche Informationen und Hinweise (Anbieterkennung gem\u00e4\u00df \u00a7 5 TMG und \u00a7 55 RStV) Viktor Kunze Baumaschinen In den Weiherwiesen 31 63654 B\u00fcdingen &nbsp; Telefon: +49 6042 7914 Fax: +49 6042 979294 Email: kunzebaumaexport@t-online.de Internet: www.kunzebauma.de Umsatzsteuer-Identifikationsnr. nach \u00a7 27a Umsatzsteuergesetz: DE253235254 Vertretungsberechtigt: Viktor Kunze Inhaltlich Verantwortlich: Viktor Kunze (Kontakt s.o.) Geltungsbereich Dieses Impressum&#8230; <\/p>\n<div class=\"clear\"><\/div>\n<p><a href=\"https:\/\/www.kunzebauma.de\/?page_id=5385\" class=\"excerpt-read-more\">Learn More<i class=\"fa fa-angle-double-right icon-double-angle-right\"><\/i><\/a><\/p>\n","protected":false},"author":2,"featured_media":0,"parent":0,"menu_order":0,"comment_status":"closed","ping_status":"closed","template":"","meta":[],"_links":{"self":[{"href":"https:\/\/www.kunzebauma.de\/index.php?rest_route=\/wp\/v2\/pages\/5385"}],"collection":[{"href":"https:\/\/www.kunzebauma.de\/index.php?rest_route=\/wp\/v2\/pages"}],"about":[{"href":"https:\/\/www.kunzebauma.de\/index.php?rest_route=\/wp\/v2\/types\/page"}],"author":[{"embeddable":true,"href":"https:\/\/www.kunzebauma.de\/index.php?rest_route=\/wp\/v2\/users\/2"}],"replies":[{"embeddable":true,"href":"https:\/\/www.kunzebauma.de\/index.php?rest_route=%2Fwp%2Fv2%2Fcomments&post=5385"}],"version-history":[{"count":14,"href":"https:\/\/www.kunzebauma.de\/index.php?rest_route=\/wp\/v2\/pages\/5385\/revisions"}],"predecessor-version":[{"id":11159,"href":"https:\/\/www.kunzebauma.de\/index.php?rest_route=\/wp\/v2\/pages\/5385\/revisions\/11159"}],"wp:attachment":[{"href":"https:\/\/www.kunzebauma.de\/index.php?rest_route=%2Fwp%2Fv2%2Fmedia&parent=5385"}],"curies":[{"name":"wp","href":"https:\/\/api.w.org\/{rel}","templated":true}]}}