{"id":5642,"date":"2015-06-13T16:53:01","date_gmt":"2015-06-13T14:53:01","guid":{"rendered":"http:\/\/www.conset.biz\/?page_id=5642"},"modified":"2015-07-08T19:54:46","modified_gmt":"2015-07-08T17:54:46","slug":"vermietung","status":"publish","type":"page","link":"https:\/\/www.kunzebauma.de\/?page_id=5642","title":{"rendered":"Vermietung"},"content":{"rendered":"<h1 style=\"text-align: center;\">Bei uns bekommen Sie Top-Technik international f\u00fchrender Hersteller zum g\u00fcnstigen Festpreis.<\/h1>\n<h1 style=\"text-align: center;\"><a href=\"http:\/\/www.conset.biz\/wp-content\/uploads\/2015\/02\/136.jpg\"><img loading=\"lazy\" class=\" size-medium wp-image-6481 aligncenter\" src=\"http:\/\/www.conset.biz\/wp-content\/uploads\/2015\/02\/136-300x199.jpg\" alt=\"136\" width=\"300\" height=\"199\" srcset=\"https:\/\/www.kunzebauma.de\/wp-content\/uploads\/2015\/02\/136-300x199.jpg 300w, https:\/\/www.kunzebauma.de\/wp-content\/uploads\/2015\/02\/136.jpg 1024w\" sizes=\"(max-width: 300px) 100vw, 300px\" \/><\/a><\/h1>\n<p>&nbsp;<\/p>\n<p>Bitte sehen sie sich unser Maschinenangebot\u00a0 an.<\/p>\n<p>Maschinen k\u00f6nnen von unseren gro\u00dfen Firmengel\u00e4nde problemlos abgeholt und auf die Baustelle transportiert werden.<\/p>\n<p>Unsere modernen Baumaschinen befinden sich immer in einem Top-Zustand und sind stets sorgf\u00e4ltig gewartet und gepflegt. Auch die Wartung und Reparatur von kundeneigenen Maschinen \u00fcbernehmen wir auf Anfrage gerne. Die Arbeiten an den Maschinen werden in unserer gro\u00dfz\u00fcgig ausgestatteten Werkstatt vorgenommen.<\/p>\n<p>&nbsp;<\/p>\n<p>Wir bieten Ihnen g\u00fcnstige Mietkonditionen f\u00fcr Ihre Projekte.<\/p>\n<p>Das Mieten von Baumaschinen bringt Ihnen eine Menge Vorteile:<\/p>\n<ul>\n<li>Die Miete ist kalkulierbar und steuerlich sofort absetzbar<\/li>\n<li>Sie schonen Ihre eigene Liquidit\u00e4t<\/li>\n<li>Unsere Festpreise erleichtern Ihnen Ihre Baustellenkalkulationen<\/li>\n<li>Sie sparen Vorhaltekosten f\u00fcr Ersatzteile und Werkstattpersonal<\/li>\n<li>Sie k\u00f6nnen bei jedem Auftrag immer mit den exakt passenden und modernsten Maschinen arbeiten.<\/li>\n<li>Sie k\u00f6nnen Auftragsspitzen, Engp\u00e4sse und zus\u00e4tzliche Auftr\u00e4ge leicht abdecken<\/li>\n<li>Auch eine tages- oder wochenweise Anmietung ist m\u00f6glich.<\/li>\n<\/ul>\n<p>&nbsp;<\/p>\n<p>Hier finden sie unsere AGB\u00a0 f\u00fcr Mietmaschinen<\/p>\n<p>AGB Vermietung<\/p>\n","protected":false},"excerpt":{"rendered":"<p>Bei uns bekommen Sie Top-Technik international f\u00fchrender Hersteller zum g\u00fcnstigen Festpreis. &nbsp; Bitte sehen sie sich unser Maschinenangebot\u00a0 an. Maschinen k\u00f6nnen von unseren gro\u00dfen Firmengel\u00e4nde problemlos abgeholt und auf die Baustelle transportiert werden. Unsere modernen Baumaschinen befinden sich immer in einem Top-Zustand und sind stets sorgf\u00e4ltig gewartet und gepflegt. Auch die Wartung und Reparatur von&#8230; <\/p>\n<div class=\"clear\"><\/div>\n<p><a href=\"https:\/\/www.kunzebauma.de\/?page_id=5642\" class=\"excerpt-read-more\">Learn More<i class=\"fa fa-angle-double-right icon-double-angle-right\"><\/i><\/a><\/p>\n","protected":false},"author":2,"featured_media":0,"parent":0,"menu_order":0,"comment_status":"closed","ping_status":"closed","template":"","meta":[],"_links":{"self":[{"href":"https:\/\/www.kunzebauma.de\/index.php?rest_route=\/wp\/v2\/pages\/5642"}],"collection":[{"href":"https:\/\/www.kunzebauma.de\/index.php?rest_route=\/wp\/v2\/pages"}],"about":[{"href":"https:\/\/www.kunzebauma.de\/index.php?rest_route=\/wp\/v2\/types\/page"}],"author":[{"embeddable":true,"href":"https:\/\/www.kunzebauma.de\/index.php?rest_route=\/wp\/v2\/users\/2"}],"replies":[{"embeddable":true,"href":"https:\/\/www.kunzebauma.de\/index.php?rest_route=%2Fwp%2Fv2%2Fcomments&post=5642"}],"version-history":[{"count":14,"href":"https:\/\/www.kunzebauma.de\/index.php?rest_route=\/wp\/v2\/pages\/5642\/revisions"}],"predecessor-version":[{"id":9304,"href":"https:\/\/www.kunzebauma.de\/index.php?rest_route=\/wp\/v2\/pages\/5642\/revisions\/9304"}],"wp:attachment":[{"href":"https:\/\/www.kunzebauma.de\/index.php?rest_route=%2Fwp%2Fv2%2Fmedia&parent=5642"}],"curies":[{"name":"wp","href":"https:\/\/api.w.org\/{rel}","templated":true}]}}