{"id":7417,"date":"2015-06-29T10:47:28","date_gmt":"2015-06-29T08:47:28","guid":{"rendered":"http:\/\/www.conset.biz\/?page_id=7417"},"modified":"2015-07-07T18:17:57","modified_gmt":"2015-07-07T16:17:57","slug":"erdbohrer-minibagger-075-3-t","status":"publish","type":"page","link":"https:\/\/www.kunzebauma.de\/?page_id=7417","title":{"rendered":"Erdbohrer \/\/ Minibagger 0,75 &#8211; 3 T"},"content":{"rendered":"<h4>Unsere Erdbohrer\u00a0 der X1500 &#8211; X2500 Serie sind die perfekte Wahl f\u00fcr kleine Bagger zwischen 750 kg &#8211; 3,0 t .<\/h4>\n<p><a href=\"http:\/\/www.conset.biz\/wp-content\/uploads\/2015\/06\/55.jpg\"><img loading=\"lazy\" class=\"alignnone size-full wp-image-5956\" src=\"http:\/\/www.conset.biz\/wp-content\/uploads\/2015\/06\/55.jpg\" alt=\"5\" width=\"800\" height=\"531\" srcset=\"https:\/\/www.kunzebauma.de\/wp-content\/uploads\/2015\/06\/55.jpg 800w, https:\/\/www.kunzebauma.de\/wp-content\/uploads\/2015\/06\/55-300x199.jpg 300w\" sizes=\"(max-width: 800px) 100vw, 800px\" \/><\/a><\/p>\n<p style=\"text-align: center;\">\u00a0<a class=\"gdlr-button medium with-border\" href=\"\/?page_id=8944\" target=\"__blank\"  style=\"color:#000000; background-color:#daa520f; border-color:#777777; \"  ><i class=\"gdlr-icon fa fa-plane\"  ><\/i> Angebot anfordern <\/a><\/p>\n<p>Hochwertige Hydraulikmotoren , fest verbundene Schaftwelle, die gr\u00f6\u00dften Wellenlager in der Industrie und die Verwendung von hochwertigen Materialien bedeuten, da\u00df Ihr neuer Erdbohrer eine lange und zuverl\u00e4ssige Lebensdauer haben wird.<\/p>\n<p>Nur erh\u00e4ltlich bei Auger Torque Erdbohrern ist die fest verbundene Schaftwelle (Earth Drill 1200 ausgeschlossen). Die einteilige Antriebswelle, die im Geh\u00e4use verschlossen ist, verhindert das Abfallen der Welle und macht somit ihren Arbeitsplatz sicher. Ein Muss f\u00fcr sicherheitsbewusste Betriebe.<\/p>\n<p>Das Drehmoment wird durch das einzigartige Auger Torque Planetengetriebe verst\u00e4rkt. Das Ausgangsdrehmoment des Hydraulikmotors wird effizient multipliziert und sorgt f\u00fcr extreme Leistungsf\u00e4higkeit und lange Lebensdauer.<\/p>\n<p>Alle Erdbohrer werden mit hochwertigen Hydraulik Schl\u00e4uchen geliefert.<\/p>\n<h2 class=\"title-spec\">Produktspezifikationen<\/h2>\n<table id=\"spec-table\">\n<thead>\n<tr>\n<th class=\"col1\">MODELL<\/th>\n<th class=\"col2\">1200<\/th>\n<th class=\"col2\">X1500<\/th>\n<th class=\"col2\">X2000<\/th>\n<th class=\"col2\">X2500<\/th>\n<\/tr>\n<\/thead>\n<tbody>\n<tr class=\"grey\">\n<td>Hydr. Druckbereich<\/td>\n<td>30 &#8211; 185 bar<\/td>\n<td>70 &#8211; 205 bar<\/td>\n<td>70 &#8211; 240 bar<\/td>\n<td>70\u00a0&#8211; 240 bar<\/td>\n<\/tr>\n<tr>\n<td>Drehmomentbereich<\/td>\n<td>191 &#8211; 1178 Nm<\/td>\n<td>511 &#8211; 1496 Nm<\/td>\n<td>639 &#8211; 2190 Nm<\/td>\n<td>830 &#8211; 2847 Nm<\/td>\n<\/tr>\n<tr class=\"grey\">\n<td>Durchflussmenge<\/td>\n<td>15 &#8211; 32\u00a0l\/min<\/td>\n<td>20 &#8211; 45\u00a0l\/min<\/td>\n<td>25 &#8211; 57\u00a0l\/min<\/td>\n<td>27 &#8211; 65\u00a0l\/min<\/td>\n<\/tr>\n<tr>\n<td>Drehzahl<\/td>\n<td>41\u00a0&#8211; 88\u00a0U\/min<\/td>\n<td>44 &#8211; 98\u00a0U\/min<\/td>\n<td>43 &#8211; 99\u00a0U\/min<\/td>\n<td>36 &#8211; 87\u00a0U\/min<\/td>\n<\/tr>\n<tr class=\"grey\">\n<td valign=\"top\">Schaftwelle<\/td>\n<td valign=\"top\">50mm rund<br \/>\nStihl<\/td>\n<td valign=\"top\"><strong>65mm rund (STD)<\/strong><br \/>\n57mm 4-Kant<br \/>\n2&#8243; 6-Kant<\/td>\n<td valign=\"top\"><strong>65mm rund (STD)<\/strong><br \/>\n57mm\u00a04-Kant<br \/>\n2&#8243;\u00a06-Kant<\/td>\n<td valign=\"top\"><strong>65mm rund (STD)<\/strong><br \/>\n57mm\u00a04-Kant<br \/>\n2&#8243;\u00a06-Kant<\/td>\n<\/tr>\n<tr>\n<td>H\u00f6he<\/td>\n<td>450 mm<\/td>\n<td>585 mm<\/td>\n<td>585 mm<\/td>\n<td>585 mm<\/td>\n<\/tr>\n<tr class=\"grey\">\n<td>Breite<\/td>\n<td>160 mm<\/td>\n<td>200 mm<\/td>\n<td>200 mm<\/td>\n<td>200 mm<\/td>\n<\/tr>\n<tr>\n<td>Gewicht<\/td>\n<td>35 kg<\/td>\n<td>46 kg<\/td>\n<td>47 kg<\/td>\n<td>48 kg<\/td>\n<\/tr>\n<tr class=\"grey\">\n<td valign=\"top\">Aufh\u00e4ngungsoptionen<\/td>\n<td valign=\"top\">Ein-Bolzen-Aufh\u00e4ngung<\/td>\n<td valign=\"top\">Ein-Bolzen-Aufh\u00e4ngung<br \/>\nZwei-Bolzen-Aufh\u00e4ngung<br \/>\nZwei-Bolzen-Aufh\u00e4ngung mit Auflage<\/td>\n<td valign=\"top\">Ein-Bolzen-Aufh\u00e4ngung<br \/>\nZwei-Bolzen-Aufh\u00e4ngung<br \/>\nZwei-Bolzen-Aufh\u00e4ngung mit Auflage<\/td>\n<td valign=\"top\">Ein-Bolzen-Aufh\u00e4ngung<br \/>\nZwei-Bolzen-Aufh\u00e4ngung<br \/>\nZwei-Bolzen-Aufh\u00e4ngung mit Auflage<\/td>\n<\/tr>\n<tr>\n<td>Bohrschnecken Serie<\/td>\n<td>S2\/S1<\/td>\n<td>S4<\/td>\n<td>S4<\/td>\n<td>S4<\/td>\n<\/tr>\n<tr class=\"grey\">\n<td>Bohrdurchmesser<\/td>\n<td>100 &#8211; 300 mm<\/td>\n<td>100 &#8211; 400 mm<\/td>\n<td>100 &#8211; 450 mm<\/td>\n<td>100 &#8211; 500 mm<\/td>\n<\/tr>\n<\/tbody>\n<\/table>\n","protected":false},"excerpt":{"rendered":"<p>Unsere Erdbohrer\u00a0 der X1500 &#8211; X2500 Serie sind die perfekte Wahl f\u00fcr kleine Bagger zwischen 750 kg &#8211; 3,0 t . \u00a0 Hochwertige Hydraulikmotoren , fest verbundene Schaftwelle, die gr\u00f6\u00dften Wellenlager in der Industrie und die Verwendung von hochwertigen Materialien bedeuten, da\u00df Ihr neuer Erdbohrer eine lange und zuverl\u00e4ssige Lebensdauer haben wird. Nur erh\u00e4ltlich bei&#8230; <\/p>\n<div class=\"clear\"><\/div>\n<p><a href=\"https:\/\/www.kunzebauma.de\/?page_id=7417\" class=\"excerpt-read-more\">Learn More<i class=\"fa fa-angle-double-right icon-double-angle-right\"><\/i><\/a><\/p>\n","protected":false},"author":2,"featured_media":0,"parent":4445,"menu_order":0,"comment_status":"closed","ping_status":"closed","template":"","meta":[],"_links":{"self":[{"href":"https:\/\/www.kunzebauma.de\/index.php?rest_route=\/wp\/v2\/pages\/7417"}],"collection":[{"href":"https:\/\/www.kunzebauma.de\/index.php?rest_route=\/wp\/v2\/pages"}],"about":[{"href":"https:\/\/www.kunzebauma.de\/index.php?rest_route=\/wp\/v2\/types\/page"}],"author":[{"embeddable":true,"href":"https:\/\/www.kunzebauma.de\/index.php?rest_route=\/wp\/v2\/users\/2"}],"replies":[{"embeddable":true,"href":"https:\/\/www.kunzebauma.de\/index.php?rest_route=%2Fwp%2Fv2%2Fcomments&post=7417"}],"version-history":[{"count":6,"href":"https:\/\/www.kunzebauma.de\/index.php?rest_route=\/wp\/v2\/pages\/7417\/revisions"}],"predecessor-version":[{"id":9230,"href":"https:\/\/www.kunzebauma.de\/index.php?rest_route=\/wp\/v2\/pages\/7417\/revisions\/9230"}],"up":[{"embeddable":true,"href":"https:\/\/www.kunzebauma.de\/index.php?rest_route=\/wp\/v2\/pages\/4445"}],"wp:attachment":[{"href":"https:\/\/www.kunzebauma.de\/index.php?rest_route=%2Fwp%2Fv2%2Fmedia&parent=7417"}],"curies":[{"name":"wp","href":"https:\/\/api.w.org\/{rel}","templated":true}]}}