{"id":7430,"date":"2015-06-29T11:23:58","date_gmt":"2015-06-29T09:23:58","guid":{"rendered":"http:\/\/www.conset.biz\/?page_id=7430"},"modified":"2015-07-07T18:19:31","modified_gmt":"2015-07-07T16:19:31","slug":"erdbohrer-minibagger-20-50-t","status":"publish","type":"page","link":"https:\/\/www.kunzebauma.de\/?page_id=7430","title":{"rendered":"Erdbohrer \/\/ Minibagger 2,0 &#8211; 5,0 t"},"content":{"rendered":"<div class=\"sevencol subnav-right1\">\n<h4>Unsere Erdbohrer in der 3000-4500 Serie sind die perfekte Wahl f\u00fcr Bagger zwischen 2,0 &#8211; 5,0 t. Die Qualit\u00e4t, Leistungsf\u00e4higkeit und Lebensdauer dieser Bohrer ist industrieweit un\u00fcbertroffen.<\/h4>\n<p><a href=\"http:\/\/www.conset.biz\/wp-content\/uploads\/2015\/02\/1-2-e1428701608245.jpg\"><img loading=\"lazy\" class=\"alignnone size-full wp-image-5029\" src=\"http:\/\/www.conset.biz\/wp-content\/uploads\/2015\/02\/1-2-e1428701608245.jpg\" alt=\"1-2\" width=\"350\" height=\"232\" \/><\/a><\/p>\n<p><a class=\"gdlr-button medium with-border\" href=\"\/?page_id=8944\" target=\"__blank\"  style=\"color:#000000; background-color:#daa520f; border-color:#777777; \"  ><i class=\"gdlr-icon fa fa-plane\"  ><\/i> Angebot anfordern <\/a><\/p>\n<p>Hochwertige Hydraulikmotoren , fest verbundene Schaftwelle, die gr\u00f6\u00dften Wellenlager in der Industrie und die Verwendung von hochwertigen Materialien bedeuten, da\u00df Ihr neuer Erdbohrer eine lange und zuverl\u00e4ssige Lebensdauer haben wird.<\/p>\n<p>Nur erh\u00e4ltlich bei Auger Torque Erdbohrern ist die fest verbundene Schaftwelle. Die einteilige Antriebswelle, die im Geh\u00e4use verschlossen ist, verhindert das Abfallen der Welle und macht somit ihren Arbeitsplatz sicher. Ein Muss f\u00fcr sicherheitsbewusste Betriebe.<\/p>\n<p>Das Drehmoment wird durch das einzigartige Auger Torque Planetengetriebe verst\u00e4rkt. Das Ausgangsdrehmoment des Hydraulikmotors wird effizient multipliziert und sorgt f\u00fcr extreme Leistungsf\u00e4higkeit und lange Lebensdauer.<\/p>\n<p>Alle Erdbohrer werden mit hochwertigen Hydraulik Schl\u00e4uchen und Kupplungen geliefert. Wir haben viele verschiedene Kupplungen auf Lager, bitte wenden Sie wich an Ihren Fachh\u00e4ndler f\u00fcr weitere Informationen.<\/p>\n<h2 class=\"title-spec\">Produktspezifikationen<\/h2>\n<table id=\"spec-table\">\n<thead>\n<tr>\n<th class=\"col1\">MODELL<\/th>\n<th class=\"col2\">3000 MAX<\/th>\n<th class=\"col2\">3500 MAX<\/th>\n<th class=\"col2\">4500 MAX<\/th>\n<\/tr>\n<\/thead>\n<tbody>\n<tr class=\"grey\">\n<td>Hydr. Druckbereich<\/td>\n<td>80 &#8211; 240 bar<\/td>\n<td>80 &#8211; 240 bar<\/td>\n<td>80 &#8211; 240 bar<\/td>\n<\/tr>\n<tr>\n<td>Drehmomentbereich<\/td>\n<td>959 &#8211; 2877 Nm<\/td>\n<td>1205\u00a0 -3614 Nm<\/td>\n<td>1500 &#8211; 4499 Nm<\/td>\n<\/tr>\n<tr class=\"grey\">\n<td>Durchflussmenge<\/td>\n<td>27 &#8211; 75\u00a0\u00a0l\/min<\/td>\n<td>40 &#8211; 85\u00a0\u00a0l\/min<\/td>\n<td>50 &#8211; 95\u00a0\u00a0l\/min<\/td>\n<\/tr>\n<tr>\n<td>Drehzahl<\/td>\n<td>36 &#8211; 100\u00a0\u00a0U\/min<\/td>\n<td>42 &#8211; 90\u00a0U\/min<\/td>\n<td>43 &#8211; 81\u00a0U\/min<\/td>\n<\/tr>\n<tr class=\"grey\">\n<td valign=\"top\">Schaftwelle<\/td>\n<td valign=\"top\"><strong>65mm rund (STD)<\/strong><br \/>\n57mm 4-Kant<br \/>\n2&#8243; 6-Kant<\/td>\n<td valign=\"top\"><strong>65mm rund (STD)<\/strong><br \/>\n57mm\u00a04-Kant<br \/>\n2&#8243;\u00a06-Kant<\/td>\n<td valign=\"top\"><strong>65mm rund (STD)<\/strong><br \/>\n57mm\u00a04-Kant<br \/>\n2&#8243;\u00a06-Kant<\/td>\n<\/tr>\n<tr>\n<td>H\u00f6he<\/td>\n<td>665\u00a0mm<\/td>\n<td>665\u00a0mm<\/td>\n<td>665\u00a0mm<\/td>\n<\/tr>\n<tr class=\"grey\">\n<td>Breite<\/td>\n<td>244\u00a0mm<\/td>\n<td>244\u00a0mm<\/td>\n<td>244\u00a0mm<\/td>\n<\/tr>\n<tr>\n<td>Gewicht<\/td>\n<td>71 kg<\/td>\n<td>73\u00a0kg<\/td>\n<td>75\u00a0kg<\/td>\n<\/tr>\n<tr class=\"grey\">\n<td valign=\"top\">Aufh\u00e4ngungsoptionen<\/td>\n<td valign=\"top\">Ein-Bolzen-Aufh\u00e4ngung<br \/>\nZwei-Bolzen-Aufh\u00e4ngung<br \/>\nZwei-Bolzen-Aufh\u00e4ngung mit Auflage<\/td>\n<td valign=\"top\">Ein-Bolzen-Aufh\u00e4ngung<br \/>\nZwei-Bolzen-Aufh\u00e4ngung<br \/>\nZwei-Bolzen-Aufh\u00e4ngung mit Auflage<\/td>\n<td valign=\"top\">Ein-Bolzen-Aufh\u00e4ngung<br \/>\nZwei-Bolzen-Aufh\u00e4ngung<br \/>\nZwei-Bolzen-Aufh\u00e4ngung mit Auflage<\/td>\n<\/tr>\n<tr>\n<td>Bohrschnecken Serie<\/td>\n<td>S4<\/td>\n<td>S4<\/td>\n<td>S4<\/td>\n<\/tr>\n<tr class=\"grey\">\n<td>Bohrdurchmesser<\/td>\n<td>100\u00a0&#8211; 600\u00a0mm<\/td>\n<td>100 &#8211; 750\u00a0mm<\/td>\n<td>100 &#8211; 900\u00a0mm<\/td>\n<\/tr>\n<\/tbody>\n<\/table>\n<\/div>\n<div class=\"sevencol subnav-right1\"><\/div>\n<div class=\"clear\"><\/div>\n","protected":false},"excerpt":{"rendered":"<p>Unsere Erdbohrer in der 3000-4500 Serie sind die perfekte Wahl f\u00fcr Bagger zwischen 2,0 &#8211; 5,0 t. Die Qualit\u00e4t, Leistungsf\u00e4higkeit und Lebensdauer dieser Bohrer ist industrieweit un\u00fcbertroffen. Hochwertige Hydraulikmotoren , fest verbundene Schaftwelle, die gr\u00f6\u00dften Wellenlager in der Industrie und die Verwendung von hochwertigen Materialien bedeuten, da\u00df Ihr neuer Erdbohrer eine lange und zuverl\u00e4ssige Lebensdauer&#8230; <\/p>\n<div class=\"clear\"><\/div>\n<p><a href=\"https:\/\/www.kunzebauma.de\/?page_id=7430\" class=\"excerpt-read-more\">Learn More<i class=\"fa fa-angle-double-right icon-double-angle-right\"><\/i><\/a><\/p>\n","protected":false},"author":2,"featured_media":0,"parent":7937,"menu_order":0,"comment_status":"closed","ping_status":"closed","template":"","meta":[],"_links":{"self":[{"href":"https:\/\/www.kunzebauma.de\/index.php?rest_route=\/wp\/v2\/pages\/7430"}],"collection":[{"href":"https:\/\/www.kunzebauma.de\/index.php?rest_route=\/wp\/v2\/pages"}],"about":[{"href":"https:\/\/www.kunzebauma.de\/index.php?rest_route=\/wp\/v2\/types\/page"}],"author":[{"embeddable":true,"href":"https:\/\/www.kunzebauma.de\/index.php?rest_route=\/wp\/v2\/users\/2"}],"replies":[{"embeddable":true,"href":"https:\/\/www.kunzebauma.de\/index.php?rest_route=%2Fwp%2Fv2%2Fcomments&post=7430"}],"version-history":[{"count":4,"href":"https:\/\/www.kunzebauma.de\/index.php?rest_route=\/wp\/v2\/pages\/7430\/revisions"}],"predecessor-version":[{"id":9233,"href":"https:\/\/www.kunzebauma.de\/index.php?rest_route=\/wp\/v2\/pages\/7430\/revisions\/9233"}],"up":[{"embeddable":true,"href":"https:\/\/www.kunzebauma.de\/index.php?rest_route=\/wp\/v2\/pages\/7937"}],"wp:attachment":[{"href":"https:\/\/www.kunzebauma.de\/index.php?rest_route=%2Fwp%2Fv2%2Fmedia&parent=7430"}],"curies":[{"name":"wp","href":"https:\/\/api.w.org\/{rel}","templated":true}]}}