{"id":7474,"date":"2015-06-29T11:59:43","date_gmt":"2015-06-29T09:59:43","guid":{"rendered":"http:\/\/www.conset.biz\/?page_id=7474"},"modified":"2015-07-07T15:46:03","modified_gmt":"2015-07-07T13:46:03","slug":"erdbohrer-bagger-12-22-t","status":"publish","type":"page","link":"https:\/\/www.kunzebauma.de\/?page_id=7474","title":{"rendered":"Erdbohrer \/\/ Bagger 12 &#8211; 22 t"},"content":{"rendered":"<h4>Unsere Erdbohrer in der 17000MAX-25000MAX Serie sind die perfekte Wahl f\u00fcr Bagger zwischen 12 &#8211; 22 t. Die Qualit\u00e4t, Leistungsf\u00e4higkeit und Lebensdauer dieser Bohrer ist industrieweit un\u00fcbertroffen.<\/h4>\n<p><a href=\"http:\/\/www.conset.biz\/wp-content\/uploads\/2015\/06\/1781.jpg\"><img loading=\"lazy\" class=\"alignnone size-full wp-image-7475\" src=\"http:\/\/www.conset.biz\/wp-content\/uploads\/2015\/06\/1781.jpg\" alt=\"178\" width=\"900\" height=\"600\" srcset=\"https:\/\/www.kunzebauma.de\/wp-content\/uploads\/2015\/06\/1781.jpg 900w, https:\/\/www.kunzebauma.de\/wp-content\/uploads\/2015\/06\/1781-300x200.jpg 300w\" sizes=\"(max-width: 900px) 100vw, 900px\" \/><\/a><\/p>\n<p style=\"text-align: center;\"><a class=\"gdlr-button medium with-border\" href=\"\/?page_id=8944\" target=\"__blank\"  style=\"color:#000000; background-color:#daa520f; border-color:#777777; \"  ><i class=\"gdlr-icon fa fa-plane\"  ><\/i> Angebot anfordern <\/a><\/p>\n<p>Hochwertige Hydraulikmotoren , fest verbundene Schaftwelle, die gr\u00f6\u00dften Wellenlager in der Industrie und die Verwendung von hochwertigen Materialien bedeuten, da\u00df Ihr neuer Erdbohrer eine lange und zuverl\u00e4ssige Lebensdauer haben wird.<\/p>\n<p>Nur erh\u00e4ltlich bei Auger Torque Erdbohrern ist die fest verbundene Schaftwelle. Die einteilige Antriebswelle, die im Geh\u00e4use verschlossen ist, verhindert das Abfallen der Welle und macht somit ihren Arbeitsplatz sicher. Ein Muss f\u00fcr sicherheitsbewusste Betriebe.<\/p>\n<p>Mit dem 2-Wege Ventil, welches als Option erh\u00e4ltlich ist, k\u00f6nnen Sie mit der Hammerhydraulik in beide Richtungen drehen. F\u00fcr die 17000MAX-25000MAX Serie ist zus\u00e4tzlich ein Druckbegrenzer (Option) verf\u00fcgbar. Der Druckbegrenzer verhindert die \u00dcberlastung der Hydraulik und sch\u00fctzt somit den Hydraulikmotor.<\/p>\n<p>Das Drehmoment wird durch das einzigartige Auger Torque Planetengetriebe verst\u00e4rkt. Das Ausgangsdrehmoment des Hydraulikmotors wird effizient multipliziert und sorgt f\u00fcr extreme Leistungsf\u00e4higkeit und lange Lebensdauer.<\/p>\n<h2 class=\"title-spec\">Produktspezifikationen<\/h2>\n<table id=\"spec-table\">\n<thead>\n<tr>\n<th class=\"col1\">MODELL<\/th>\n<th class=\"col2\">17000 MAX<\/th>\n<th class=\"col2\">20000 MAX<\/th>\n<th class=\"col2\">25000 MAX<\/th>\n<\/tr>\n<\/thead>\n<tbody>\n<tr class=\"grey\">\n<td>Hydr. Druckbereich<\/td>\n<td>160 &#8211; 260 bar<\/td>\n<td>160 &#8211; 240 bar<\/td>\n<td>160 &#8211; 240 bar<\/td>\n<\/tr>\n<tr>\n<td>Drehmomentbereich<\/td>\n<td>10381 &#8211; 16869 Nm<\/td>\n<td>13043 &#8211; 19564 Nm<\/td>\n<td>16503 &#8211; 24755 Nm<\/td>\n<\/tr>\n<tr class=\"grey\">\n<td>Durchflussmenge<\/td>\n<td>80 &#8211; 170 l\/min<\/td>\n<td>80 &#8211; 170\u00a0l\/min<\/td>\n<td>80\u00a0 -170\u00a0l\/min<\/td>\n<\/tr>\n<tr>\n<td>Drehzahl<\/td>\n<td>20 &#8211; 42 U\/min<\/td>\n<td>16 &#8211; 33\u00a0U\/min<\/td>\n<td>12 &#8211; 26\u00a0U\/min<\/td>\n<\/tr>\n<tr class=\"grey\">\n<td valign=\"top\">Schaftwelle<\/td>\n<td valign=\"top\"><strong>75mm 4-Kant (STD)<\/strong><br \/>\n3&#8243; 6-Kant<\/td>\n<td valign=\"top\"><strong>75mm <\/strong><strong>4-Kant<\/strong>\u00a0(STD)<br \/>\n3&#8243;\u00a06-Kant<\/td>\n<td valign=\"top\"><strong>75mm <\/strong><strong>4-Kant\u00a0<\/strong>(STD)<br \/>\n3&#8243;\u00a06-Kant<\/td>\n<\/tr>\n<tr>\n<td>H\u00f6he<\/td>\n<td>1130\u00a0mm<\/td>\n<td>1130\u00a0mm<\/td>\n<td>1130\u00a0mm<\/td>\n<\/tr>\n<tr class=\"grey\">\n<td>Breite<\/td>\n<td>345\u00a0mm<\/td>\n<td>345\u00a0mm<\/td>\n<td>345\u00a0mm<\/td>\n<\/tr>\n<tr>\n<td>Gewicht<\/td>\n<td>267 kg<\/td>\n<td>268 kg<\/td>\n<td>269 kg<\/td>\n<\/tr>\n<tr class=\"grey\">\n<td valign=\"top\">Aufh\u00e4ngungsoptionen<\/td>\n<td valign=\"top\">Ein-Bolzen-Aufh\u00e4ngung<br \/>\nZwei-Bolzen-Aufh\u00e4ngung<br \/>\nZwei-Bolzen-Aufh\u00e4ngung mit Auflage<\/td>\n<td valign=\"top\">Ein-Bolzen-Aufh\u00e4ngung<br \/>\nZwei-Bolzen-Aufh\u00e4ngung<br \/>\nZwei-Bolzen-Aufh\u00e4ngung mit Auflage<\/td>\n<td valign=\"top\">Ein-Bolzen-Aufh\u00e4ngung<br \/>\nZwei-Bolzen-Aufh\u00e4ngung<br \/>\nZwei-Bolzen-Aufh\u00e4ngung mit Auflage<\/td>\n<\/tr>\n<tr>\n<td>Bohrschnecken Serie<\/td>\n<td>S6<\/td>\n<td>S6<\/td>\n<td>S6<\/td>\n<\/tr>\n<tr class=\"grey\">\n<td>Bohrdurchmesser<\/td>\n<td>150 &#8211; 1000\u00a0mm<\/td>\n<td>150 &#8211; 1200\u00a0mm<\/td>\n<td>150 &#8211; 1500\u00a0mm<\/td>\n<\/tr>\n<\/tbody>\n<\/table>\n","protected":false},"excerpt":{"rendered":"<p>Unsere Erdbohrer in der 17000MAX-25000MAX Serie sind die perfekte Wahl f\u00fcr Bagger zwischen 12 &#8211; 22 t. Die Qualit\u00e4t, Leistungsf\u00e4higkeit und Lebensdauer dieser Bohrer ist industrieweit un\u00fcbertroffen. Hochwertige Hydraulikmotoren , fest verbundene Schaftwelle, die gr\u00f6\u00dften Wellenlager in der Industrie und die Verwendung von hochwertigen Materialien bedeuten, da\u00df Ihr neuer Erdbohrer eine lange und zuverl\u00e4ssige Lebensdauer&#8230; <\/p>\n<div class=\"clear\"><\/div>\n<p><a href=\"https:\/\/www.kunzebauma.de\/?page_id=7474\" class=\"excerpt-read-more\">Learn More<i class=\"fa fa-angle-double-right icon-double-angle-right\"><\/i><\/a><\/p>\n","protected":false},"author":2,"featured_media":0,"parent":4445,"menu_order":0,"comment_status":"closed","ping_status":"closed","template":"","meta":[],"_links":{"self":[{"href":"https:\/\/www.kunzebauma.de\/index.php?rest_route=\/wp\/v2\/pages\/7474"}],"collection":[{"href":"https:\/\/www.kunzebauma.de\/index.php?rest_route=\/wp\/v2\/pages"}],"about":[{"href":"https:\/\/www.kunzebauma.de\/index.php?rest_route=\/wp\/v2\/types\/page"}],"author":[{"embeddable":true,"href":"https:\/\/www.kunzebauma.de\/index.php?rest_route=\/wp\/v2\/users\/2"}],"replies":[{"embeddable":true,"href":"https:\/\/www.kunzebauma.de\/index.php?rest_route=%2Fwp%2Fv2%2Fcomments&post=7474"}],"version-history":[{"count":6,"href":"https:\/\/www.kunzebauma.de\/index.php?rest_route=\/wp\/v2\/pages\/7474\/revisions"}],"predecessor-version":[{"id":9092,"href":"https:\/\/www.kunzebauma.de\/index.php?rest_route=\/wp\/v2\/pages\/7474\/revisions\/9092"}],"up":[{"embeddable":true,"href":"https:\/\/www.kunzebauma.de\/index.php?rest_route=\/wp\/v2\/pages\/4445"}],"wp:attachment":[{"href":"https:\/\/www.kunzebauma.de\/index.php?rest_route=%2Fwp%2Fv2%2Fmedia&parent=7474"}],"curies":[{"name":"wp","href":"https:\/\/api.w.org\/{rel}","templated":true}]}}