{"id":7485,"date":"2015-06-29T12:04:26","date_gmt":"2015-06-29T10:04:26","guid":{"rendered":"http:\/\/www.conset.biz\/?page_id=7485"},"modified":"2015-07-07T15:47:37","modified_gmt":"2015-07-07T13:47:37","slug":"erdbohrer-bagger-17-45-t","status":"publish","type":"page","link":"https:\/\/www.kunzebauma.de\/?page_id=7485","title":{"rendered":"Erdbohrer \/\/ Bagger 17 &#8211; 45 t"},"content":{"rendered":"<h4>Unsere Erdbohrer in der 30000-50000MAX Serie sind die perfekte Wahl f\u00fcr Bagger zwischen 17 &#8211; 45 t. Die Qualit\u00e4t, Leistungsf\u00e4higkeit und Lebensdauer dieser Bohrer ist industrieweit un\u00fcbertroffen.<\/h4>\n<p><a href=\"http:\/\/www.conset.biz\/wp-content\/uploads\/2015\/06\/184.jpg\"><img loading=\"lazy\" class=\"alignnone size-full wp-image-7486\" src=\"http:\/\/www.conset.biz\/wp-content\/uploads\/2015\/06\/184.jpg\" alt=\"184\" width=\"900\" height=\"600\" srcset=\"https:\/\/www.kunzebauma.de\/wp-content\/uploads\/2015\/06\/184.jpg 900w, https:\/\/www.kunzebauma.de\/wp-content\/uploads\/2015\/06\/184-300x200.jpg 300w\" sizes=\"(max-width: 900px) 100vw, 900px\" \/><\/a><\/p>\n<p><a class=\"gdlr-button medium with-border\" href=\"\/?page_id=8944\" target=\"__blank\"  style=\"color:#000000; background-color:#daa520f; border-color:#777777; \"  ><i class=\"gdlr-icon fa fa-plane\"  ><\/i> Angebot anfordern <\/a><\/p>\n<p>&nbsp;<\/p>\n<p>Hochwertige Hydraulikmotoren , fest verbundene Schaftwelle, die gr\u00f6\u00dften Wellenlager in der Industrie und die Verwendung von hochwertigen Materialien bedeuten, da\u00df Ihr neuer Erdbohrer eine lange und zuverl\u00e4ssige Lebensdauer haben wird.<\/p>\n<p>Nur erh\u00e4ltlich bei Auger Torque Erdbohrern ist die fest verbundene Schaftwelle. Die einteilige Antriebswelle, die im Geh\u00e4use verschlossen ist, verhindert das Abfallen der Welle und macht somit ihren Arbeitsplatz sicher. Ein Muss f\u00fcr sicherheitsbewusste Betriebe.<\/p>\n<p>Mit dem 2-Wege Ventil, welches als Option erh\u00e4ltlich ist, k\u00f6nnen Sie mit der Hammerhydraulik in beide Richtungen drehen. F\u00fcr die 30000-40000 Serie (nicht notwendig f\u00fcr 30000MAX &amp; 50000MAX) ist zus\u00e4tzlich ein Druckbegrenzer (Option) verf\u00fcgbar. Der Druckbegrenzer verhindert die \u00dcberlastung der Hydraulik und sch\u00fctzt somit den Hydraulikmotor.<\/p>\n<p>Das Drehmoment wird durch das einzigartige Auger Torque Planetengetriebe verst\u00e4rkt. Das Ausgangsdrehmoment des Hydraulikmotors wird effizient multipliziert und sorgt f\u00fcr extreme Leistungsf\u00e4higkeit und lange Lebensdauer.<\/p>\n<p>&nbsp;<\/p>\n<h2 class=\"title-spec\">Produktspezifikationen<\/h2>\n<table id=\"spec-table\">\n<thead>\n<tr>\n<th class=\"col1\">MODELL<\/th>\n<th class=\"col2\">30000<\/th>\n<th class=\"col2\">30000 MAX<\/th>\n<th class=\"col2\">35000 MAX<\/th>\n<th class=\"col2\">40000<\/th>\n<th class=\"col2\">42000 MAX<\/th>\n<th class=\"col2\">50000 MAX<\/th>\n<\/tr>\n<\/thead>\n<tbody>\n<tr class=\"grey\">\n<td>Hydr. Druckbereich<\/td>\n<td>160 &#8211; 240 bar<\/td>\n<td>160 &#8211; 450 bar<\/td>\n<td>180 &#8211; 310 bar<\/td>\n<td>160 &#8211; 240 bar<\/td>\n<td>180 &#8211; 310 bar<\/td>\n<td>160 &#8211; 320 bar<\/td>\n<\/tr>\n<tr>\n<td>Drehmomentbereich<\/td>\n<td>18003 &#8211; 27005 Nm<\/td>\n<td>11394 &#8211; 32047 Nm<\/td>\n<td>20510 &#8211; 35323 Nm<\/td>\n<td>28714 &#8211; 43071 Nm<\/td>\n<td>24612 &#8211; 42387 Nm<\/td>\n<td>23758 &#8211; 47515 Nm<\/td>\n<\/tr>\n<tr class=\"grey\">\n<td>Durchflussmenge<\/td>\n<td>80 &#8211; 170 l\/min *<\/td>\n<td>100 &#8211; 300 l\/min<\/td>\n<td>80 &#8211; 225 l\/min *<\/td>\n<td>80 &#8211; 170 l\/min *<\/td>\n<td>80 &#8211; 225 l\/min<\/td>\n<td>100 &#8211; 280 l\/min<\/td>\n<\/tr>\n<tr>\n<td>Drehzahl<\/td>\n<td>11 &#8211; 24 U\/min<\/td>\n<td>22 &#8211; 67 U\/min<\/td>\n<td>11 &#8211; 31 U\/min<\/td>\n<td>7 &#8211; 15 U\/min<\/td>\n<td>9 &#8211; 26 U\/min<\/td>\n<td>11 &#8211; 30 U\/min<\/td>\n<\/tr>\n<tr class=\"grey\">\n<td valign=\"top\">Schaftwelle<\/td>\n<td valign=\"top\">100mm 4-Kant<br \/>\n<strong>110mm 4-Kant (STD)<\/strong><br \/>\n130mm 4-Kant<br \/>\n4&#8243; 6-Kant<\/td>\n<td valign=\"top\">100mm\u00a04-Kant<br \/>\n<strong>110mm <\/strong><strong>4-Kant<\/strong>\u00a0(STD)<br \/>\n130mm\u00a04-Kant<br \/>\n4&#8243;\u00a06-Kant<\/td>\n<td valign=\"top\">100mm\u00a04-Kant<br \/>\n<strong>110mm <\/strong><strong>4-Kant<\/strong>\u00a0(STD)<br \/>\n130mm\u00a04-Kant<br \/>\n4&#8243;\u00a06-Kant<\/td>\n<td valign=\"top\">100mm\u00a04-Kant<br \/>\n<strong>110mm <\/strong><strong>4-Kant<\/strong>\u00a0(STD)<br \/>\n130mm\u00a04-Kant<br \/>\n4&#8243;\u00a06-Kant<\/td>\n<td valign=\"top\">100mm\u00a04-Kant<br \/>\n<strong>110mm <\/strong><strong>4-Kant<\/strong>\u00a0(STD)<br \/>\n130mm\u00a04-Kant<br \/>\n4&#8243;\u00a06-Kant<\/td>\n<td valign=\"top\">100mm\u00a04-Kant<br \/>\n<strong>110mm <\/strong><strong>4-Kant<\/strong>\u00a0(STD)<br \/>\n130mm\u00a04-Kant<br \/>\n4&#8243;\u00a06-Kant<\/td>\n<\/tr>\n<tr>\n<td>H\u00f6he<\/td>\n<td>1411 mm<\/td>\n<td>1496 mm<\/td>\n<td>1411 mm<\/td>\n<td>1411 mm<\/td>\n<td>1411 mm<\/td>\n<td>1411 mm<\/td>\n<\/tr>\n<tr class=\"grey\">\n<td>Breite<\/td>\n<td>406 mm<\/td>\n<td>406 mm<\/td>\n<td>406 mm<\/td>\n<td>406 mm<\/td>\n<td>406 mm<\/td>\n<td>406 mm<\/td>\n<\/tr>\n<tr>\n<td>Gewicht<\/td>\n<td>408 kg<\/td>\n<td>496 kg<\/td>\n<td>442 kg<\/td>\n<td>418 kg<\/td>\n<td>442 kg<\/td>\n<td>472 kg<\/td>\n<\/tr>\n<tr class=\"grey\">\n<td valign=\"top\">Aufh\u00e4ngungsoptionen<\/td>\n<td valign=\"top\">Ein-Bolzen-Aufh\u00e4ngung<br \/>\nZwei-Bolzen-Aufh\u00e4ngung mit Auflage<\/td>\n<td valign=\"top\">Ein-Bolzen-Aufh\u00e4ngung<br \/>\nZwei-Bolzen-Aufh\u00e4ngung mit Auflage<\/td>\n<td valign=\"top\">Ein-Bolzen-Aufh\u00e4ngung<br \/>\nZwei-Bolzen-Aufh\u00e4ngung mit Auflage<\/td>\n<td valign=\"top\">Ein-Bolzen-Aufh\u00e4ngung<br \/>\nZwei-Bolzen-Aufh\u00e4ngung mit Auflage<\/td>\n<td valign=\"top\">Ein-Bolzen-Aufh\u00e4ngung<br \/>\nZwei-Bolzen-Aufh\u00e4ngung mit Auflage<\/td>\n<td valign=\"top\">Ein-Bolzen-Aufh\u00e4ngung<br \/>\nZwei-Bolzen-Aufh\u00e4ngung mit Auflage<\/td>\n<\/tr>\n<tr>\n<td>\n<table id=\"spec-table\">\n<tbody>\n<tr>\n<td>Bohrschnecken Serie<\/td>\n<\/tr>\n<\/tbody>\n<\/table>\n<\/td>\n<td>PA<\/td>\n<td>PA<\/td>\n<td>PA<\/td>\n<td>PA<\/td>\n<td>PA<\/td>\n<td>PA<\/td>\n<\/tr>\n<tr class=\"grey\">\n<td>Bohrdurchmesser<\/td>\n<td>300 &#8211; 1000 mm<\/td>\n<td>300 &#8211; 600 mm<\/td>\n<td>300 &#8211; 1500 mm<\/td>\n<td>700 &#8211; 2200 mm<\/td>\n<td>300 &#8211; 1800 mm<\/td>\n<td>300 &#8211; 2400 mm<\/td>\n<\/tr>\n<\/tbody>\n<\/table>\n<p>&nbsp;<\/p>\n","protected":false},"excerpt":{"rendered":"<p>Unsere Erdbohrer in der 30000-50000MAX Serie sind die perfekte Wahl f\u00fcr Bagger zwischen 17 &#8211; 45 t. Die Qualit\u00e4t, Leistungsf\u00e4higkeit und Lebensdauer dieser Bohrer ist industrieweit un\u00fcbertroffen. &nbsp; Hochwertige Hydraulikmotoren , fest verbundene Schaftwelle, die gr\u00f6\u00dften Wellenlager in der Industrie und die Verwendung von hochwertigen Materialien bedeuten, da\u00df Ihr neuer Erdbohrer eine lange und zuverl\u00e4ssige&#8230; <\/p>\n<div class=\"clear\"><\/div>\n<p><a href=\"https:\/\/www.kunzebauma.de\/?page_id=7485\" class=\"excerpt-read-more\">Learn More<i class=\"fa fa-angle-double-right icon-double-angle-right\"><\/i><\/a><\/p>\n","protected":false},"author":2,"featured_media":0,"parent":4445,"menu_order":0,"comment_status":"closed","ping_status":"closed","template":"","meta":[],"_links":{"self":[{"href":"https:\/\/www.kunzebauma.de\/index.php?rest_route=\/wp\/v2\/pages\/7485"}],"collection":[{"href":"https:\/\/www.kunzebauma.de\/index.php?rest_route=\/wp\/v2\/pages"}],"about":[{"href":"https:\/\/www.kunzebauma.de\/index.php?rest_route=\/wp\/v2\/types\/page"}],"author":[{"embeddable":true,"href":"https:\/\/www.kunzebauma.de\/index.php?rest_route=\/wp\/v2\/users\/2"}],"replies":[{"embeddable":true,"href":"https:\/\/www.kunzebauma.de\/index.php?rest_route=%2Fwp%2Fv2%2Fcomments&post=7485"}],"version-history":[{"count":3,"href":"https:\/\/www.kunzebauma.de\/index.php?rest_route=\/wp\/v2\/pages\/7485\/revisions"}],"predecessor-version":[{"id":9095,"href":"https:\/\/www.kunzebauma.de\/index.php?rest_route=\/wp\/v2\/pages\/7485\/revisions\/9095"}],"up":[{"embeddable":true,"href":"https:\/\/www.kunzebauma.de\/index.php?rest_route=\/wp\/v2\/pages\/4445"}],"wp:attachment":[{"href":"https:\/\/www.kunzebauma.de\/index.php?rest_route=%2Fwp%2Fv2%2Fmedia&parent=7485"}],"curies":[{"name":"wp","href":"https:\/\/api.w.org\/{rel}","templated":true}]}}