{"id":7494,"date":"2015-06-29T12:11:15","date_gmt":"2015-06-29T10:11:15","guid":{"rendered":"http:\/\/www.conset.biz\/?page_id=7494"},"modified":"2015-07-07T18:22:47","modified_gmt":"2015-07-07T16:22:47","slug":"erdbohrer-kompaktlader-hd-hydraulik-teleskopen","status":"publish","type":"page","link":"https:\/\/www.kunzebauma.de\/?page_id=7494","title":{"rendered":"Erdbohrer \/\/ Kompaktlader HD-Hydraulik &#038; Teleskopen"},"content":{"rendered":"<h4>Unsere Erdbohrer in der 5500MAX-8000MAX Serie sind die perfekte Wahl f\u00fcr Kompaktlader HD-Hydraulik &amp; Teleskopen. Die Qualit\u00e4t, Leistungsf\u00e4higkeit und Lebensdauer dieser Bohrer ist industrieweit un\u00fcbertroffen<\/h4>\n<p><a href=\"http:\/\/www.conset.biz\/wp-content\/uploads\/2015\/06\/408.jpg\"><img loading=\"lazy\" class=\"alignnone size-full wp-image-7495\" src=\"http:\/\/www.conset.biz\/wp-content\/uploads\/2015\/06\/408.jpg\" alt=\"408\" width=\"900\" height=\"600\" srcset=\"https:\/\/www.kunzebauma.de\/wp-content\/uploads\/2015\/06\/408.jpg 900w, https:\/\/www.kunzebauma.de\/wp-content\/uploads\/2015\/06\/408-300x200.jpg 300w\" sizes=\"(max-width: 900px) 100vw, 900px\" \/><\/a><\/p>\n<p><a class=\"gdlr-button medium with-border\" href=\"\/?page_id=8944\" target=\"__blank\"  style=\"color:#000000; background-color:#daa520f; border-color:#777777; \"  ><i class=\"gdlr-icon fa fa-plane\"  ><\/i> Angebot anfordern <\/a><\/p>\n<p>Hochwertige Hydraulikmotoren , fest verbundene Schaftwelle, die gr\u00f6\u00dften Wellenlager in der Industrie und die Verwendung von hochwertigen Materialien bedeuten, da\u00df Ihr neuer Erdbohrer eine lange und zuverl\u00e4ssige Lebensdauer haben wird.<\/p>\n<p>Nur erh\u00e4ltlich bei Auger Torque Erdbohrern ist die fest verbundene Schaftwelle. Die einteilige Antriebswelle, die im Geh\u00e4use verschlossen ist, verhindert das Abfallen der Welle und macht somit ihren Arbeitsplatz sicher. Ein Muss f\u00fcr sicherheitsbewusste Betriebe.<\/p>\n<p>Das Drehmoment wird durch das einzigartige Auger Torque Planetengetriebe verst\u00e4rkt. Das Ausgangsdrehmoment des Hydraulikmotors wird effizient multipliziert und sorgt f\u00fcr extreme Leistungsf\u00e4higkeit und lange Lebensdauer.<\/p>\n<p>Alle Erdbohrer werden mit hochwertigen Hydraulik Schl\u00e4uchen\u00a0 geliefert.<\/p>\n<h2 class=\"title-spec\">Produktspezifikationen<\/h2>\n<table id=\"spec-table\">\n<thead>\n<tr>\n<th class=\"col2\">MODELL<\/th>\n<th class=\"col4\">5500MAX<\/th>\n<th class=\"col4\">7000<\/th>\n<th class=\"col4\">7000MAX<\/th>\n<th class=\"col4\">8000MAX<\/th>\n<\/tr>\n<\/thead>\n<tbody>\n<tr class=\"grey\">\n<td>Hydr. Druckbereich<\/td>\n<td>80 &#8211; 260 Bar<\/td>\n<td>80 &#8211; 260 Bar<\/td>\n<td>80 &#8211; 260 Bar<\/td>\n<td>80 &#8211; 240 Bar<\/td>\n<\/tr>\n<tr>\n<td>Drehmomentbereich<\/td>\n<td>1685 &#8211;\u00a05477 Nm<\/td>\n<td>2098 &#8211; 6819\u00a0Nm<\/td>\n<td>2133 &#8211; 6931\u00a0Nm<\/td>\n<td>2717 &#8211; 8152 Nm<\/td>\n<\/tr>\n<tr class=\"grey\">\n<td>Durchflussmenge<\/td>\n<td>40 &#8211; 115\u00a0lpm<\/td>\n<td>50 &#8211; 115\u00a0lpm<\/td>\n<td>60 &#8211; 135\u00a0lpm<\/td>\n<td>70 &#8211; 150\u00a0lpm<\/td>\n<\/tr>\n<tr>\n<td>Drehzahl<\/td>\n<td>27 &#8211; 78\u00a0rpm<\/td>\n<td>30 &#8211; 70\u00a0rpm<\/td>\n<td>36 &#8211; 81\u00a0rpm<\/td>\n<td>33\u00a0&#8211;\u00a070\u00a0rpm<\/td>\n<\/tr>\n<tr class=\"grey\">\n<td valign=\"top\">Schaftwelle<\/td>\n<td valign=\"top\"><strong>75mm\u00a0Square (STD)<\/strong><br \/>\n2.5&#8243; Hex<\/td>\n<td valign=\"top\"><strong>75mm Square (STD)<\/strong><br \/>\n2.5&#8243; Hex<\/td>\n<td valign=\"top\"><strong>75mm Square (STD)<\/strong><br \/>\n2.5&#8243; Hex<\/td>\n<td valign=\"top\"><strong>75mm Square (STD)<\/strong><br \/>\n2.5&#8243; Hex<\/td>\n<\/tr>\n<tr>\n<td>H\u00f6he<\/td>\n<td>780\u00a0mm<\/td>\n<td>780\u00a0mm<\/td>\n<td>780\u00a0mm<\/td>\n<td>780\u00a0mmm<\/td>\n<\/tr>\n<tr class=\"grey\">\n<td>Breite<\/td>\n<td>269\u00a0mm<\/td>\n<td>269 mm<\/td>\n<td>269 mm<\/td>\n<td>269 mm<\/td>\n<\/tr>\n<tr>\n<td>Gewicht<\/td>\n<td>108\u00a0kg<\/td>\n<td>110 kg<\/td>\n<td>112\u00a0kg<\/td>\n<td>118\u00a0kg<\/td>\n<\/tr>\n<tr class=\"grey\">\n<td valign=\"top\">Anbaurahmen<\/td>\n<td valign=\"top\">Fixed Centre Cradle<br \/>\nSide Shift Cradle<\/td>\n<td valign=\"top\">Fixed Centre Cradle<br \/>\nSide Shift Cradle<\/td>\n<td valign=\"top\">Fixed Centre Cradle<br \/>\nSide Shift Cradle<\/td>\n<td valign=\"top\">Fixed Centre Cradle<br \/>\nSide Shift Cradle<\/td>\n<\/tr>\n<tr>\n<td>Bohrschnecken Serie<\/td>\n<td>S5<\/td>\n<td>S5<\/td>\n<td>S5<\/td>\n<td>S5<\/td>\n<\/tr>\n<tr class=\"grey\">\n<td>Bohrdurchmesser<\/td>\n<td>150 &#8211; 750 mm<\/td>\n<td>150 &#8211; 900 mm<\/td>\n<td>150 &#8211; 900 mm<\/td>\n<td>150 &#8211; 1200 mm<\/td>\n<\/tr>\n<\/tbody>\n<\/table>\n","protected":false},"excerpt":{"rendered":"<p>Unsere Erdbohrer in der 5500MAX-8000MAX Serie sind die perfekte Wahl f\u00fcr Kompaktlader HD-Hydraulik &amp; Teleskopen. Die Qualit\u00e4t, Leistungsf\u00e4higkeit und Lebensdauer dieser Bohrer ist industrieweit un\u00fcbertroffen Hochwertige Hydraulikmotoren , fest verbundene Schaftwelle, die gr\u00f6\u00dften Wellenlager in der Industrie und die Verwendung von hochwertigen Materialien bedeuten, da\u00df Ihr neuer Erdbohrer eine lange und zuverl\u00e4ssige Lebensdauer haben wird&#8230;. <\/p>\n<div class=\"clear\"><\/div>\n<p><a href=\"https:\/\/www.kunzebauma.de\/?page_id=7494\" class=\"excerpt-read-more\">Learn More<i class=\"fa fa-angle-double-right icon-double-angle-right\"><\/i><\/a><\/p>\n","protected":false},"author":2,"featured_media":0,"parent":4445,"menu_order":0,"comment_status":"closed","ping_status":"closed","template":"","meta":[],"_links":{"self":[{"href":"https:\/\/www.kunzebauma.de\/index.php?rest_route=\/wp\/v2\/pages\/7494"}],"collection":[{"href":"https:\/\/www.kunzebauma.de\/index.php?rest_route=\/wp\/v2\/pages"}],"about":[{"href":"https:\/\/www.kunzebauma.de\/index.php?rest_route=\/wp\/v2\/types\/page"}],"author":[{"embeddable":true,"href":"https:\/\/www.kunzebauma.de\/index.php?rest_route=\/wp\/v2\/users\/2"}],"replies":[{"embeddable":true,"href":"https:\/\/www.kunzebauma.de\/index.php?rest_route=%2Fwp%2Fv2%2Fcomments&post=7494"}],"version-history":[{"count":2,"href":"https:\/\/www.kunzebauma.de\/index.php?rest_route=\/wp\/v2\/pages\/7494\/revisions"}],"predecessor-version":[{"id":9241,"href":"https:\/\/www.kunzebauma.de\/index.php?rest_route=\/wp\/v2\/pages\/7494\/revisions\/9241"}],"up":[{"embeddable":true,"href":"https:\/\/www.kunzebauma.de\/index.php?rest_route=\/wp\/v2\/pages\/4445"}],"wp:attachment":[{"href":"https:\/\/www.kunzebauma.de\/index.php?rest_route=%2Fwp%2Fv2%2Fmedia&parent=7494"}],"curies":[{"name":"wp","href":"https:\/\/api.w.org\/{rel}","templated":true}]}}