{"id":7514,"date":"2015-06-29T16:43:33","date_gmt":"2015-06-29T14:43:33","guid":{"rendered":"http:\/\/www.conset.biz\/?page_id=7514"},"modified":"2015-07-07T18:20:47","modified_gmt":"2015-07-07T16:20:47","slug":"erdbohrer-lkw-kraene","status":"publish","type":"page","link":"https:\/\/www.kunzebauma.de\/?page_id=7514","title":{"rendered":"Erdbohrer \/\/ LKW-Kr\u00e4ne"},"content":{"rendered":"<h4>LKW-Kr\u00e4ne wachsen wegen ihrer Flexibilit\u00e4t und Funktionalit\u00e4t an Beliebtheit. Der Hydraulik-Kran erm\u00f6glicht die Materiallieferung auch dort wo Verladeanlagen nicht vorhanden sind.<\/h4>\n<p><a href=\"http:\/\/www.conset.biz\/wp-content\/uploads\/2015\/06\/1491.jpg\"><img loading=\"lazy\" class=\"alignnone size-full wp-image-7515\" src=\"http:\/\/www.conset.biz\/wp-content\/uploads\/2015\/06\/1491.jpg\" alt=\"149\" width=\"900\" height=\"600\" srcset=\"https:\/\/www.kunzebauma.de\/wp-content\/uploads\/2015\/06\/1491.jpg 900w, https:\/\/www.kunzebauma.de\/wp-content\/uploads\/2015\/06\/1491-300x200.jpg 300w\" sizes=\"(max-width: 900px) 100vw, 900px\" \/><\/a><\/p>\n<p style=\"text-align: center;\"><a class=\"gdlr-button medium with-border\" href=\"\/?page_id=8944\" target=\"__blank\"  style=\"color:#000000; background-color:#daa520f; border-color:#777777; \"  ><i class=\"gdlr-icon fa fa-plane\"  ><\/i> Angebot anfordern <\/a><\/p>\n<p>Die Bordhydraulik des Kranauslegers ist auch f\u00fcr den Erdbohreinsatz geignet. Tieflader die mit unserem LKW-Kran Erdbohrer ausgestattet sind, vereinfachen Telegrafen- und Strom- Masten, sowie Stra\u00dfenlichtinstallationen,\u00a0 erlauben Einhand-Bedienung und erm\u00f6glichen Schraubanker-Installationen mit nur einem Fahrzeug.<\/p>\n<p>Unsere Erdbohrer in der 3000-7000TC Serie sind die perfekte Wahl f\u00fcr LKW-Kr\u00e4ne aller Arten. Die Qualit\u00e4t, Leistungsf\u00e4higkeit und Lebensdauer dieser Bohrer ist industrieweit un\u00fcbertroffen.<\/p>\n<p>Hochwertige Hydraulikmotoren , fest verbundene Schaftwelle, die gr\u00f6\u00dften Wellenlager in der Industrie und die Verwendung von hochwertigen Materialien bedeuten, da\u00df Ihr neuer Erdbohrer eine lange und zuverl\u00e4ssige Lebensdauer haben wird.<\/p>\n<p>Nur erh\u00e4ltlich bei Auger Torque Erdbohrern ist die fest verbundene Schaftwelle. Die einteilige Antriebswelle, die im Geh\u00e4use verschlossen ist, verhindert das Abfallen der Welle und macht somit ihren Arbeitsplatz sicher. Ein Muss f\u00fcr sicherheitsbewusste Betriebe.<\/p>\n<p>Mit dem 2-Wege Ventil, welches als Option erh\u00e4ltlich ist, k\u00f6nnen Sie mit der Hammerhydraulik in beide Richtungen drehen.<\/p>\n<p>Das Drehmoment wird durch das einzigartige Auger Torque Planetengetriebe verst\u00e4rkt. Das Ausgangsdrehmoment des Hydraulikmotors wird effizient multipliziert und sorgt f\u00fcr extreme Leistungsf\u00e4higkeit und lange Lebensdauer.<\/p>\n<p>Alle Erdbohrer werden mit hochwertigen Hydraulik Schl\u00e4uchen\u00a0 geliefert.<\/p>\n<div class=\"title-spec\">produktspezifikationen<\/div>\n<table id=\"spec-table\">\n<thead>\n<tr>\n<th class=\"col1\">MODELL<\/th>\n<th class=\"col2\">3000TC<\/th>\n<th class=\"col2\">5500TC<\/th>\n<th class=\"col2\">7000TC<\/th>\n<\/tr>\n<\/thead>\n<tbody>\n<tr class=\"grey\">\n<td>Hydr. Druckbereich<\/td>\n<td>80 &#8211; 260 bar<\/td>\n<td>80 &#8211; 260 bar<\/td>\n<td>80 &#8211; 260 bar<\/td>\n<\/tr>\n<tr>\n<td>Drehmomentbereich<\/td>\n<td>959 &#8211; 3116 Nm<\/td>\n<td>1685 &#8211; 5477\u00a0Nm<\/td>\n<td>2098 &#8211; 6819\u00a0Nm<\/td>\n<\/tr>\n<tr class=\"grey\">\n<td>Durchflussmenge<\/td>\n<td>5 &#8211; 35 l\/min<\/td>\n<td>15 &#8211; 50\u00a0l\/min<\/td>\n<td>15 &#8211; 50\u00a0l\/min<\/td>\n<\/tr>\n<tr>\n<td>Drehzahl<\/td>\n<td>7 &#8211; 46 U\/min<\/td>\n<td>11 &#8211; 38\u00a0U\/min<\/td>\n<td>9 &#8211; 30\u00a0U\/min<\/td>\n<\/tr>\n<tr class=\"grey\">\n<td valign=\"top\">Schaftwelle<\/td>\n<td valign=\"top\"><strong>65mm rund (STD)<\/strong><br \/>\n2&#8243; 6-Kant<br \/>\n57mm 4-Kant<\/td>\n<td valign=\"top\"><strong>75mm 4-Kant (STD)<\/strong><br \/>\n2.5&#8243;\u00a06-Kant<\/td>\n<td valign=\"top\"><strong>75mm <\/strong><strong>4-Kant<\/strong>\u00a0(STD)<br \/>\n2.5&#8243;\u00a06-Kant<\/td>\n<\/tr>\n<tr>\n<td>H\u00f6he<\/td>\n<td>665\u00a0mm<\/td>\n<td>780\u00a0mm<\/td>\n<td>780\u00a0mm<\/td>\n<\/tr>\n<tr class=\"grey\">\n<td>Breite<\/td>\n<td>244\u00a0mm<\/td>\n<td>269\u00a0mm<\/td>\n<td>269\u00a0mm<\/td>\n<\/tr>\n<tr>\n<td>Gewicht<\/td>\n<td>73 kg<\/td>\n<td>108 kg<\/td>\n<td>110 kg<\/td>\n<\/tr>\n<tr class=\"grey\">\n<td>Aufh\u00e4ngungsoptionen<\/td>\n<td>Seilwinden-Verriegelung<\/td>\n<td>Seilwinden-Verriegelung<\/td>\n<td>Seilwinden-Verriegelung<\/td>\n<\/tr>\n<tr>\n<td>Bohrschnecken Serie<\/td>\n<td>S4<\/td>\n<td>S5<\/td>\n<td>S5<\/td>\n<\/tr>\n<tr class=\"grey\">\n<td>Bohrdurchmesser<\/td>\n<td>100-600 mm<\/td>\n<td>150-800 mm<\/td>\n<td>150-1000 mm<\/td>\n<\/tr>\n<\/tbody>\n<\/table>\n","protected":false},"excerpt":{"rendered":"<p>LKW-Kr\u00e4ne wachsen wegen ihrer Flexibilit\u00e4t und Funktionalit\u00e4t an Beliebtheit. Der Hydraulik-Kran erm\u00f6glicht die Materiallieferung auch dort wo Verladeanlagen nicht vorhanden sind. Die Bordhydraulik des Kranauslegers ist auch f\u00fcr den Erdbohreinsatz geignet. Tieflader die mit unserem LKW-Kran Erdbohrer ausgestattet sind, vereinfachen Telegrafen- und Strom- Masten, sowie Stra\u00dfenlichtinstallationen,\u00a0 erlauben Einhand-Bedienung und erm\u00f6glichen Schraubanker-Installationen mit nur einem Fahrzeug&#8230;. <\/p>\n<div class=\"clear\"><\/div>\n<p><a href=\"https:\/\/www.kunzebauma.de\/?page_id=7514\" class=\"excerpt-read-more\">Learn More<i class=\"fa fa-angle-double-right icon-double-angle-right\"><\/i><\/a><\/p>\n","protected":false},"author":2,"featured_media":0,"parent":4445,"menu_order":0,"comment_status":"closed","ping_status":"closed","template":"","meta":[],"_links":{"self":[{"href":"https:\/\/www.kunzebauma.de\/index.php?rest_route=\/wp\/v2\/pages\/7514"}],"collection":[{"href":"https:\/\/www.kunzebauma.de\/index.php?rest_route=\/wp\/v2\/pages"}],"about":[{"href":"https:\/\/www.kunzebauma.de\/index.php?rest_route=\/wp\/v2\/types\/page"}],"author":[{"embeddable":true,"href":"https:\/\/www.kunzebauma.de\/index.php?rest_route=\/wp\/v2\/users\/2"}],"replies":[{"embeddable":true,"href":"https:\/\/www.kunzebauma.de\/index.php?rest_route=%2Fwp%2Fv2%2Fcomments&post=7514"}],"version-history":[{"count":3,"href":"https:\/\/www.kunzebauma.de\/index.php?rest_route=\/wp\/v2\/pages\/7514\/revisions"}],"predecessor-version":[{"id":9238,"href":"https:\/\/www.kunzebauma.de\/index.php?rest_route=\/wp\/v2\/pages\/7514\/revisions\/9238"}],"up":[{"embeddable":true,"href":"https:\/\/www.kunzebauma.de\/index.php?rest_route=\/wp\/v2\/pages\/4445"}],"wp:attachment":[{"href":"https:\/\/www.kunzebauma.de\/index.php?rest_route=%2Fwp%2Fv2%2Fmedia&parent=7514"}],"curies":[{"name":"wp","href":"https:\/\/api.w.org\/{rel}","templated":true}]}}