{"id":7529,"date":"2015-06-29T16:48:21","date_gmt":"2015-06-29T14:48:21","guid":{"rendered":"http:\/\/www.conset.biz\/?page_id=7529"},"modified":"2015-07-07T18:24:00","modified_gmt":"2015-07-07T16:24:00","slug":"earth-drills-backhoes","status":"publish","type":"page","link":"https:\/\/www.kunzebauma.de\/?page_id=7529","title":{"rendered":"Erdbohrer \/\/ Baggerlader"},"content":{"rendered":"<h4>Unsere Erdbohrer in der 7000MAX-15000 Serie sind die perfekte Wahl f\u00fcr Baggerlader aller Arten. Die Qualit\u00e4t, Leistungsf\u00e4higkeit und Lebensdauer dieser Bohrer ist industrieweit un\u00fcbertroffen.<\/h4>\n<p><a href=\"http:\/\/www.conset.biz\/wp-content\/uploads\/2015\/06\/1201.jpg\"><img loading=\"lazy\" class=\"alignnone size-full wp-image-7524\" src=\"http:\/\/www.conset.biz\/wp-content\/uploads\/2015\/06\/1201.jpg\" alt=\"120\" width=\"900\" height=\"600\" srcset=\"https:\/\/www.kunzebauma.de\/wp-content\/uploads\/2015\/06\/1201.jpg 900w, https:\/\/www.kunzebauma.de\/wp-content\/uploads\/2015\/06\/1201-300x200.jpg 300w\" sizes=\"(max-width: 900px) 100vw, 900px\" \/><\/a><\/p>\n<p><a class=\"gdlr-button medium with-border\" href=\"\/?page_id=8944\" target=\"__blank\"  style=\"color:#000000; background-color:#daa520f; border-color:#777777; \"  ><i class=\"gdlr-icon fa fa-plane\"  ><\/i> Angebot anfordern <\/a><\/p>\n<p>Hochwertige Hydraulikmotoren , fest verbundene Schaftwelle, die gr\u00f6\u00dften Wellenlager in der Industrie und die Verwendung von hochwertigen Materialien bedeuten, da\u00df Ihr neuer Erdbohrer eine lange und zuverl\u00e4ssige Lebensdauer haben wird.<\/p>\n<p>Nur erh\u00e4ltlich bei Auger Torque Erdbohrern ist die fest verbundene Schaftwelle. Die einteilige Antriebswelle, die im Geh\u00e4use verschlossen ist, verhindert das Abfallen der Welle und macht somit ihren Arbeitsplatz sicher. Ein Muss f\u00fcr sicherheitsbewusste Betriebe.<\/p>\n<p>Mit dem 2-Wege Ventil, welches als Option erh\u00e4ltlich ist, k\u00f6nnen Sie mit der Hammerhydraulik in beide Richtungen drehen.<\/p>\n<p>Das Drehmoment wird durch das einzigartige Auger Torque Planetengetriebe verst\u00e4rkt. Das Ausgangsdrehmoment des Hydraulikmotors wird effizient multipliziert und sorgt f\u00fcr extreme Leistungsf\u00e4higkeit und lange Lebensdauer.<\/p>\n<p>Alle Erdbohrer werden mit hochwertigen Hydraulik Schl\u00e4uchen und Kupplungen geliefert.<\/p>\n<h2 class=\"title-spec\">Produktspezifikationen<\/h2>\n<table id=\"spec-table\">\n<thead>\n<tr>\n<th class=\"col1\">MODELL<\/th>\n<th class=\"col4\">7000MAX<\/th>\n<th class=\"col4\">8000MAX<\/th>\n<th class=\"col4\">10000<\/th>\n<th class=\"col4\">12000<\/th>\n<th class=\"col4\">15000<\/th>\n<\/tr>\n<\/thead>\n<tbody>\n<tr class=\"grey\">\n<td>Hydr. Druckbereich<\/td>\n<td>80 &#8211; 260 bar<\/td>\n<td>80 &#8211; 240 bar<\/td>\n<td>80 &#8211; 260 bar<\/td>\n<td>80 &#8211; 240 bar<\/td>\n<td>80 &#8211; 240 bar<\/td>\n<\/tr>\n<tr>\n<td>Drehmomentbereich<\/td>\n<td>2133 &#8211; 6931 Nm<\/td>\n<td>2717 &#8211; 8152 Nm<\/td>\n<td>3281 &#8211; 10662 Nm<\/td>\n<td>4203 &#8211; 12610 Nm<\/td>\n<td>5024 &#8211; 15071 Nm<\/td>\n<\/tr>\n<tr class=\"grey\">\n<td>Durchflussmenge<\/td>\n<td>60 &#8211; 135 l\/min<\/td>\n<td>70 &#8211; 150\u00a0l\/min<\/td>\n<td>70 &#8211; 150\u00a0l\/min<\/td>\n<td>70 &#8211; 150\u00a0l\/min<\/td>\n<td>70 &#8211; 150\u00a0l\/min<\/td>\n<\/tr>\n<tr>\n<td>Drehzahl<\/td>\n<td>36 &#8211; 81 U\/min<\/td>\n<td>33 &#8211; 70\u00a0U\/min<\/td>\n<td>27 &#8211; 58\u00a0U\/min<\/td>\n<td>21 &#8211; 45\u00a0U\/min<\/td>\n<td>18 &#8211; 38\u00a0U\/min<\/td>\n<\/tr>\n<tr class=\"grey\">\n<td valign=\"top\">Schaftwelle<\/td>\n<td><strong>75mm 4-Kant (STD)<\/strong><br \/>\n2.5&#8243; 6-Kant<\/td>\n<td><strong>75mm <\/strong><strong>4-Kant<\/strong>\u00a0(STD)<br \/>\n2.5&#8243;\u00a06-Kant<\/td>\n<td valign=\"top\"><strong>75mm <\/strong><strong>4-Kant<\/strong>\u00a0(STD)<\/td>\n<td valign=\"top\"><strong>75mm <\/strong><strong>4-Kant<\/strong>\u00a0(STD)<\/td>\n<td valign=\"top\"><strong>75mm <\/strong><strong>4-Kant<\/strong>\u00a0(STD)<\/td>\n<\/tr>\n<tr>\n<td>H\u00f6he<\/td>\n<td>780 mm<\/td>\n<td>780 mm<\/td>\n<td>883 mm<\/td>\n<td>883 mm<\/td>\n<td>883 mm<\/td>\n<\/tr>\n<tr class=\"grey\">\n<td>Breite<\/td>\n<td>269 mm<\/td>\n<td>269 mm<\/td>\n<td>290 mm<\/td>\n<td>290 mm<\/td>\n<td>290 mm<\/td>\n<\/tr>\n<tr>\n<td>Gewicht<\/td>\n<td>112 kg<\/td>\n<td>116 kg<\/td>\n<td>162 kg<\/td>\n<td>162 kg<\/td>\n<td>165 kg<\/td>\n<\/tr>\n<tr class=\"grey\">\n<td valign=\"top\">Aufh\u00e4ngungsoptionen<\/td>\n<td valign=\"top\">Single Pin Hitch<br \/>\nDouble Pin Hitch<br \/>\nCradle Hitch<\/td>\n<td valign=\"top\">Single Pin Hitch<br \/>\nDouble Pin Hitch<br \/>\nCradle Hitch<\/td>\n<td valign=\"top\">Single Pin Hitch<br \/>\nDouble Pin Hitch<br \/>\nCradle Hitch<\/td>\n<td valign=\"top\">Single Pin Hitch<br \/>\nDouble Pin Hitch<br \/>\nCradle Hitch<\/td>\n<td valign=\"top\">Single Pin Hitch<br \/>\nDouble Pin Hitch<br \/>\nCradle Hitch<\/td>\n<\/tr>\n<tr>\n<td>Bohrschnecken Serie<\/td>\n<td>S5<\/td>\n<td>S5<\/td>\n<td>S6<\/td>\n<td>S6<\/td>\n<td>S6<\/td>\n<\/tr>\n<tr class=\"grey\">\n<td>Bohrdurchmesser<\/td>\n<td>150 &#8211; 900 mm<\/td>\n<td>150 &#8211; 1200 mm<\/td>\n<td>150 &#8211; 900 mm<\/td>\n<td>150 &#8211; 1000 mm<\/td>\n<td>150 &#8211; 1200 mm<\/td>\n<\/tr>\n<\/tbody>\n<\/table>\n","protected":false},"excerpt":{"rendered":"<p>Unsere Erdbohrer in der 7000MAX-15000 Serie sind die perfekte Wahl f\u00fcr Baggerlader aller Arten. Die Qualit\u00e4t, Leistungsf\u00e4higkeit und Lebensdauer dieser Bohrer ist industrieweit un\u00fcbertroffen. Hochwertige Hydraulikmotoren , fest verbundene Schaftwelle, die gr\u00f6\u00dften Wellenlager in der Industrie und die Verwendung von hochwertigen Materialien bedeuten, da\u00df Ihr neuer Erdbohrer eine lange und zuverl\u00e4ssige Lebensdauer haben wird. Nur&#8230; <\/p>\n<div class=\"clear\"><\/div>\n<p><a href=\"https:\/\/www.kunzebauma.de\/?page_id=7529\" class=\"excerpt-read-more\">Learn More<i class=\"fa fa-angle-double-right icon-double-angle-right\"><\/i><\/a><\/p>\n","protected":false},"author":2,"featured_media":0,"parent":4445,"menu_order":0,"comment_status":"closed","ping_status":"closed","template":"","meta":[],"_links":{"self":[{"href":"https:\/\/www.kunzebauma.de\/index.php?rest_route=\/wp\/v2\/pages\/7529"}],"collection":[{"href":"https:\/\/www.kunzebauma.de\/index.php?rest_route=\/wp\/v2\/pages"}],"about":[{"href":"https:\/\/www.kunzebauma.de\/index.php?rest_route=\/wp\/v2\/types\/page"}],"author":[{"embeddable":true,"href":"https:\/\/www.kunzebauma.de\/index.php?rest_route=\/wp\/v2\/users\/2"}],"replies":[{"embeddable":true,"href":"https:\/\/www.kunzebauma.de\/index.php?rest_route=%2Fwp%2Fv2%2Fcomments&post=7529"}],"version-history":[{"count":3,"href":"https:\/\/www.kunzebauma.de\/index.php?rest_route=\/wp\/v2\/pages\/7529\/revisions"}],"predecessor-version":[{"id":9244,"href":"https:\/\/www.kunzebauma.de\/index.php?rest_route=\/wp\/v2\/pages\/7529\/revisions\/9244"}],"up":[{"embeddable":true,"href":"https:\/\/www.kunzebauma.de\/index.php?rest_route=\/wp\/v2\/pages\/4445"}],"wp:attachment":[{"href":"https:\/\/www.kunzebauma.de\/index.php?rest_route=%2Fwp%2Fv2%2Fmedia&parent=7529"}],"curies":[{"name":"wp","href":"https:\/\/api.w.org\/{rel}","templated":true}]}}